{"id":6748,"date":"2024-02-06T09:18:25","date_gmt":"2024-02-06T09:18:25","guid":{"rendered":"https:\/\/horizontaibah.com\/?post_type=product&#038;p=6748"},"modified":"2024-02-13T15:53:02","modified_gmt":"2024-02-13T15:53:02","slug":"pickled-grape-leaves","status":"publish","type":"product","link":"https:\/\/horizontaibah.com\/de\/produkt\/pickled-grape-leaves\/","title":{"rendered":"Eingelegte Weinbl\u00e4tter"},"content":{"rendered":"<p>G\u00f6nnen Sie sich den einzigartigen und w\u00fcrzigen Geschmack unserer eingelegten Weinbl\u00e4tter. Hergestellt aus zarten Weinbl\u00e4ttern, die sorgf\u00e4ltig in Salzlake eingelegt wurden, sind diese eingelegten Weinbl\u00e4tter eine k\u00f6stliche Erg\u00e4nzung zu verschiedenen kulinarischen Kreationen. Durch den Beizvorgang verst\u00e4rken sich die nat\u00fcrlichen Aromen der Weinbl\u00e4tter, was zu einem w\u00fcrzigen und leicht s\u00e4uerlichen Geschmack f\u00fchrt. Unsere eingelegten Weinbl\u00e4tter werden h\u00e4ufig in der mediterranen und nah\u00f6stlichen K\u00fcche verwendet und verleihen Gerichten wie Dolmas und Salaten einen besonderen Geschmack.<\/p>\n<p>&nbsp;<\/p>","protected":false},"excerpt":{"rendered":"<p><strong>Verpackung<\/strong><br \/>\nDamit unsere eingelegten Weinbl\u00e4tter in optimalem Zustand bei Ihnen ankommen, verpacken wir sie in hochwertige, luftdichte Gl\u00e4ser oder Beh\u00e4lter. Diese Verpackung tr\u00e4gt dazu bei, den Geschmack und die Textur der Weinbl\u00e4tter zu bewahren und sicherzustellen, dass sie zart und aromatisch bleiben.<\/p>\n<p>Glass Jar 1000g and 2800g<\/p>\n<p><strong>Zutaten<\/strong><br \/>\nWeinbl\u00e4tter \u2013 Wasser \u2013 Salz \u2013 S\u00e4ure \u2013 Apfelessig.<\/p>","protected":false},"featured_media":7011,"template":"","meta":[],"product_cat":[164],"product_tag":[],"_links":{"self":[{"href":"https:\/\/horizontaibah.com\/de\/wp-json\/wp\/v2\/product\/6748"}],"collection":[{"href":"https:\/\/horizontaibah.com\/de\/wp-json\/wp\/v2\/product"}],"about":[{"href":"https:\/\/horizontaibah.com\/de\/wp-json\/wp\/v2\/types\/product"}],"version-history":[{"count":5,"href":"https:\/\/horizontaibah.com\/de\/wp-json\/wp\/v2\/product\/6748\/revisions"}],"predecessor-version":[{"id":6858,"href":"https:\/\/horizontaibah.com\/de\/wp-json\/wp\/v2\/product\/6748\/revisions\/6858"}],"wp:featuredmedia":[{"embeddable":true,"href":"https:\/\/horizontaibah.com\/de\/wp-json\/wp\/v2\/media\/7011"}],"wp:attachment":[{"href":"https:\/\/horizontaibah.com\/de\/wp-json\/wp\/v2\/media?parent=6748"}],"wp:term":[{"taxonomy":"product_cat","embeddable":true,"href":"https:\/\/horizontaibah.com\/de\/wp-json\/wp\/v2\/product_cat?post=6748"},{"taxonomy":"product_tag","embeddable":true,"href":"https:\/\/horizontaibah.com\/de\/wp-json\/wp\/v2\/product_tag?post=6748"}],"curies":[{"name":"wp","href":"https:\/\/api.w.org\/{rel}","templated":true}]}}