{"id":6755,"date":"2024-02-06T09:26:41","date_gmt":"2024-02-06T09:26:41","guid":{"rendered":"https:\/\/horizontaibah.com\/?post_type=product&#038;p=6755"},"modified":"2024-02-07T14:32:21","modified_gmt":"2024-02-07T14:32:21","slug":"pickled-mexican-pepper","status":"publish","type":"product","link":"https:\/\/horizontaibah.com\/de\/produkt\/pickled-mexican-pepper\/","title":{"rendered":"Eingelegtes mexikanische Peperoni"},"content":{"rendered":"<p>Unsere eingelegten mexikanischen Peperoni sind eine feurige und aromatische Erg\u00e4nzung zu jedem Gericht. Unsere eingelegten Peperoni werden aus einer Vielzahl authentischer mexikanischer Peperoni hergestellt und sind perfekt eingelegt, wobei ihre leuchtenden Farben erhalten bleiben und ihr w\u00fcrziger Geschmack verst\u00e4rkt wird. Ob als Belag, zu Sandwiches oder in Rezepten unsere eingelegten mexikanischen Peperoni sorgen f\u00fcr einen pikanten Kick, der Ihren Gaumen verw\u00f6hnt.<\/p>\n<p>&nbsp;<\/p>","protected":false},"excerpt":{"rendered":"<p><strong>Verpackung<\/strong><br \/>\nUm die Frische und Qualit\u00e4t unserer eingelegten mexikanischen Peperoni zu erhalten, verpacken wir sie in hochwertige, luftdichte Gl\u00e4ser oder Beh\u00e4lter. Diese Verpackung tr\u00e4gt dazu bei, den Geschmack und die Textur der Peperoni zu bewahren und sicherzustellen, dass sie w\u00fcrzig und k\u00f6stlich bleiben.<\/p>\n<p>Glass Jar 1000g<\/p>\n<p><strong>Zutaten<\/strong><br \/>\nPeperonischoten, Wasser, Salz, S\u00e4ureregulator (Zitronens\u00e4ure), Konservierungsmittel (Kaliumsorbat E202).<\/p>","protected":false},"featured_media":6756,"template":"","meta":[],"product_cat":[164],"product_tag":[],"_links":{"self":[{"href":"https:\/\/horizontaibah.com\/de\/wp-json\/wp\/v2\/product\/6755"}],"collection":[{"href":"https:\/\/horizontaibah.com\/de\/wp-json\/wp\/v2\/product"}],"about":[{"href":"https:\/\/horizontaibah.com\/de\/wp-json\/wp\/v2\/types\/product"}],"version-history":[{"count":2,"href":"https:\/\/horizontaibah.com\/de\/wp-json\/wp\/v2\/product\/6755\/revisions"}],"predecessor-version":[{"id":6821,"href":"https:\/\/horizontaibah.com\/de\/wp-json\/wp\/v2\/product\/6755\/revisions\/6821"}],"wp:featuredmedia":[{"embeddable":true,"href":"https:\/\/horizontaibah.com\/de\/wp-json\/wp\/v2\/media\/6756"}],"wp:attachment":[{"href":"https:\/\/horizontaibah.com\/de\/wp-json\/wp\/v2\/media?parent=6755"}],"wp:term":[{"taxonomy":"product_cat","embeddable":true,"href":"https:\/\/horizontaibah.com\/de\/wp-json\/wp\/v2\/product_cat?post=6755"},{"taxonomy":"product_tag","embeddable":true,"href":"https:\/\/horizontaibah.com\/de\/wp-json\/wp\/v2\/product_tag?post=6755"}],"curies":[{"name":"wp","href":"https:\/\/api.w.org\/{rel}","templated":true}]}}