{"id":6758,"date":"2024-02-06T09:30:24","date_gmt":"2024-02-06T09:30:24","guid":{"rendered":"https:\/\/horizontaibah.com\/?post_type=product&#038;p=6758"},"modified":"2024-02-07T14:31:37","modified_gmt":"2024-02-07T14:31:37","slug":"pickled-pepper","status":"publish","type":"product","link":"https:\/\/horizontaibah.com\/de\/produkt\/pickled-pepper\/","title":{"rendered":"Eingelegtes Peperoni"},"content":{"rendered":"<p>G\u00f6nnen Sie sich den einzigartigen und w\u00fcrzigen Geschmack unserer eingelegten Peperoni. Diese eingelegten Peperoni werden aus zarten, sorgf\u00e4ltig in Salzlake eingelegten Peperoni hergestellt und sind eine k\u00f6stliche Erg\u00e4nzung zu verschiedenen kulinarischen Kreationen. Durch den Beizvorgang verst\u00e4rken sich die nat\u00fcrlichen Aromen der Peperoni, was zu einem w\u00fcrzigen und leicht s\u00e4uerlichen Geschmack f\u00fchrt. Unsere eingelegten Peperoni werden h\u00e4ufig in der mediterranen und nah\u00f6stlichen K\u00fcche verwendet.<\/p>\n<p>&nbsp;<\/p>","protected":false},"excerpt":{"rendered":"<p><strong>Verpackung<\/strong><br \/>\nDamit unsere eingelegten Peperoni in optimalem Zustand bei Ihnen ankommen, verpacken wir sie in hochwertige, luftdichte Gl\u00e4ser oder Beh\u00e4lter. Diese Verpackung tr\u00e4gt dazu bei, den Geschmack und die Textur der Peperoni zu bewahren und sicherzustellen, dass sie w\u00fcrzig und aromatisch bleiben.<\/p>\n<p>Glass Jar 1000g<\/p>\n<p><strong>Zutaten<\/strong><br \/>\nPeperonischoten, Wasser, Salz, S\u00e4ureregulator (Zitronens\u00e4ure), Konservierungsmittel (Kaliumsorbat E202).<\/p>","protected":false},"featured_media":6760,"template":"","meta":[],"product_cat":[164],"product_tag":[],"_links":{"self":[{"href":"https:\/\/horizontaibah.com\/de\/wp-json\/wp\/v2\/product\/6758"}],"collection":[{"href":"https:\/\/horizontaibah.com\/de\/wp-json\/wp\/v2\/product"}],"about":[{"href":"https:\/\/horizontaibah.com\/de\/wp-json\/wp\/v2\/types\/product"}],"version-history":[{"count":2,"href":"https:\/\/horizontaibah.com\/de\/wp-json\/wp\/v2\/product\/6758\/revisions"}],"predecessor-version":[{"id":6820,"href":"https:\/\/horizontaibah.com\/de\/wp-json\/wp\/v2\/product\/6758\/revisions\/6820"}],"wp:featuredmedia":[{"embeddable":true,"href":"https:\/\/horizontaibah.com\/de\/wp-json\/wp\/v2\/media\/6760"}],"wp:attachment":[{"href":"https:\/\/horizontaibah.com\/de\/wp-json\/wp\/v2\/media?parent=6758"}],"wp:term":[{"taxonomy":"product_cat","embeddable":true,"href":"https:\/\/horizontaibah.com\/de\/wp-json\/wp\/v2\/product_cat?post=6758"},{"taxonomy":"product_tag","embeddable":true,"href":"https:\/\/horizontaibah.com\/de\/wp-json\/wp\/v2\/product_tag?post=6758"}],"curies":[{"name":"wp","href":"https:\/\/api.w.org\/{rel}","templated":true}]}}