{"id":6765,"date":"2024-02-06T11:48:52","date_gmt":"2024-02-06T11:48:52","guid":{"rendered":"https:\/\/horizontaibah.com\/?post_type=product&#038;p=6765"},"modified":"2024-02-07T14:30:41","modified_gmt":"2024-02-07T14:30:41","slug":"green-olives-salkini","status":"publish","type":"product","link":"https:\/\/horizontaibah.com\/de\/produkt\/green-olives-salkini\/","title":{"rendered":"Gr\u00fcne Oliven Salkini"},"content":{"rendered":"<p>Unsere eingelegten gr\u00fcnen Oliven sind eine k\u00f6stliche und herzhafte Erg\u00e4nzung zu jeder Mahlzeit und jedem Snack. Unsere eingelegten Oliven werden aus sorgf\u00e4ltig ausgew\u00e4hlten gr\u00fcnen Oliven hergestellt und perfekt eingelegt, sodass ihr nat\u00fcrlicher Geschmack und ihre Textur erhalten bleiben. Mit ihrem w\u00fcrzigen und salzigen Geschmack sind diese eingelegten gr\u00fcnen Oliven eine vielseitige Zutat, die man pur genie\u00dfen oder zur Geschmacksverfeinerung verschiedener Gerichte verwenden kann.<\/p>","protected":false},"excerpt":{"rendered":"<p><strong>Verpackung<\/strong><br \/>\nUm die Frische und Qualit\u00e4t unserer eingelegten gr\u00fcnen Oliven zu bewahren, verpacken wir sie in hochwertige, luftdichte Gl\u00e4ser oder Beh\u00e4lter. Diese Verpackung tr\u00e4gt dazu bei, den Geschmack und die Textur der Oliven zu bewahren und sicherzustellen, dass sie prall und k\u00f6stlich bleiben.<\/p>\n<p>Glass Jar 2000g<\/p>\n<p><strong>Zutaten<\/strong><br \/>\nWasser, gr\u00fcne Oliven, Salz.<\/p>","protected":false},"featured_media":6766,"template":"","meta":[],"product_cat":[164],"product_tag":[],"_links":{"self":[{"href":"https:\/\/horizontaibah.com\/de\/wp-json\/wp\/v2\/product\/6765"}],"collection":[{"href":"https:\/\/horizontaibah.com\/de\/wp-json\/wp\/v2\/product"}],"about":[{"href":"https:\/\/horizontaibah.com\/de\/wp-json\/wp\/v2\/types\/product"}],"version-history":[{"count":2,"href":"https:\/\/horizontaibah.com\/de\/wp-json\/wp\/v2\/product\/6765\/revisions"}],"predecessor-version":[{"id":6818,"href":"https:\/\/horizontaibah.com\/de\/wp-json\/wp\/v2\/product\/6765\/revisions\/6818"}],"wp:featuredmedia":[{"embeddable":true,"href":"https:\/\/horizontaibah.com\/de\/wp-json\/wp\/v2\/media\/6766"}],"wp:attachment":[{"href":"https:\/\/horizontaibah.com\/de\/wp-json\/wp\/v2\/media?parent=6765"}],"wp:term":[{"taxonomy":"product_cat","embeddable":true,"href":"https:\/\/horizontaibah.com\/de\/wp-json\/wp\/v2\/product_cat?post=6765"},{"taxonomy":"product_tag","embeddable":true,"href":"https:\/\/horizontaibah.com\/de\/wp-json\/wp\/v2\/product_tag?post=6765"}],"curies":[{"name":"wp","href":"https:\/\/api.w.org\/{rel}","templated":true}]}}