{"id":6771,"date":"2024-02-06T12:01:59","date_gmt":"2024-02-06T12:01:59","guid":{"rendered":"https:\/\/horizontaibah.com\/?post_type=product&#038;p=6771"},"modified":"2024-02-07T14:28:30","modified_gmt":"2024-02-07T14:28:30","slug":"makdous","status":"publish","type":"product","link":"https:\/\/horizontaibah.com\/de\/produkt\/makdous\/","title":{"rendered":"Gef\u00fcllte Aubergine"},"content":{"rendered":"<p>Entdecken Sie den w\u00fcrzigen Kick unseres eingelegten Makdous. Diese eingelegten Auberginen werden aus frischen Auberginen und Pfefferpaste hergestellt, die fachm\u00e4nnisch p\u00fcriert und in einer w\u00fcrzigen Salzlake eingelegt wurden, und sind ein Genuss. Der Beizvorgang verst\u00e4rkt die nat\u00fcrliche Sch\u00e4rfe und verleiht ihm eine w\u00fcrzige Note, wodurch eine perfekte Geschmacksbalance entsteht.<\/p>\n<p>&nbsp;<\/p>","protected":false},"excerpt":{"rendered":"<p><strong>Verpackung<\/strong><br \/>\nDamit unsere eingelegten Auberginen in optimalem Zustand bei Ihnen ankommen, verpacken wir sie in hochwertige, luftdichte Gl\u00e4ser oder Container. Diese Verpackung tr\u00e4gt dazu bei, die Aromen und Texturen zu bewahren und sicherzustellen, dass sie frisch und k\u00f6stlich bleiben.<br \/>\nGlass Jar 1000g and 2800g<\/p>\n<p><strong>Zutaten<\/strong><br \/>\nAubergine, Sonnenblumen\u00f6l, Waln\u00fcsse, roter Pfeffer, Knoblauch, Salz.<\/p>","protected":false},"featured_media":6772,"template":"","meta":[],"product_cat":[164],"product_tag":[],"_links":{"self":[{"href":"https:\/\/horizontaibah.com\/de\/wp-json\/wp\/v2\/product\/6771"}],"collection":[{"href":"https:\/\/horizontaibah.com\/de\/wp-json\/wp\/v2\/product"}],"about":[{"href":"https:\/\/horizontaibah.com\/de\/wp-json\/wp\/v2\/types\/product"}],"version-history":[{"count":7,"href":"https:\/\/horizontaibah.com\/de\/wp-json\/wp\/v2\/product\/6771\/revisions"}],"predecessor-version":[{"id":6815,"href":"https:\/\/horizontaibah.com\/de\/wp-json\/wp\/v2\/product\/6771\/revisions\/6815"}],"wp:featuredmedia":[{"embeddable":true,"href":"https:\/\/horizontaibah.com\/de\/wp-json\/wp\/v2\/media\/6772"}],"wp:attachment":[{"href":"https:\/\/horizontaibah.com\/de\/wp-json\/wp\/v2\/media?parent=6771"}],"wp:term":[{"taxonomy":"product_cat","embeddable":true,"href":"https:\/\/horizontaibah.com\/de\/wp-json\/wp\/v2\/product_cat?post=6771"},{"taxonomy":"product_tag","embeddable":true,"href":"https:\/\/horizontaibah.com\/de\/wp-json\/wp\/v2\/product_tag?post=6771"}],"curies":[{"name":"wp","href":"https:\/\/api.w.org\/{rel}","templated":true}]}}