{"id":6831,"date":"2024-02-08T09:15:28","date_gmt":"2024-02-08T09:15:28","guid":{"rendered":"https:\/\/horizontaibah.com\/?post_type=product&#038;p=6831"},"modified":"2024-02-08T09:23:03","modified_gmt":"2024-02-08T09:23:03","slug":"halawa-tahini","status":"publish","type":"product","link":"https:\/\/horizontaibah.com\/de\/produkt\/halawa-tahini\/","title":{"rendered":"Halawa Tahini"},"content":{"rendered":"<p>Unser Halawa Tahini wird mit Sorgfalt aus Sesamsamen bester Qualit\u00e4t und erstklassigen Zutaten hergestellt. Die Sesamk\u00f6rner werden sorgf\u00e4ltig ger\u00f6stet, um ihre nat\u00fcrliche Nussnote hervorzuheben, und dann zu einer glatten Paste gemahlen. Diese Paste wird mit einem Hauch S\u00fc\u00dfe, oft aus Zutaten wie Honig oder Zucker, kombiniert, um die perfekte Geschmacksbalance zu schaffen.<\/p>","protected":false},"excerpt":{"rendered":"<p><strong>Verpackung<\/strong><\/p>\n<p>Um die Frische und Qualit\u00e4t unseres Halawa Tahini zu bewahren, verpacken wir es in luftdichten Beh\u00e4ltern, die es vor Feuchtigkeit und Oxidation sch\u00fctzen. Die Verpackung ist so konzipiert, dass sie bequem und einfach zu verwenden ist, sodass Sie das Halawa Tahini nach Belieben genie\u00dfen k\u00f6nnen.<\/p>\n<p>350g und 700g<\/p>\n<p><strong>Zutaten<\/strong><\/p>\n<p>Tahini (Sesame paste), Glucose syrup, sugar, Pistachio, Citric Acid, Vanillin sugar.<\/p>","protected":false},"featured_media":6833,"template":"","meta":[],"product_cat":[165],"product_tag":[],"_links":{"self":[{"href":"https:\/\/horizontaibah.com\/de\/wp-json\/wp\/v2\/product\/6831"}],"collection":[{"href":"https:\/\/horizontaibah.com\/de\/wp-json\/wp\/v2\/product"}],"about":[{"href":"https:\/\/horizontaibah.com\/de\/wp-json\/wp\/v2\/types\/product"}],"version-history":[{"count":2,"href":"https:\/\/horizontaibah.com\/de\/wp-json\/wp\/v2\/product\/6831\/revisions"}],"predecessor-version":[{"id":6843,"href":"https:\/\/horizontaibah.com\/de\/wp-json\/wp\/v2\/product\/6831\/revisions\/6843"}],"wp:featuredmedia":[{"embeddable":true,"href":"https:\/\/horizontaibah.com\/de\/wp-json\/wp\/v2\/media\/6833"}],"wp:attachment":[{"href":"https:\/\/horizontaibah.com\/de\/wp-json\/wp\/v2\/media?parent=6831"}],"wp:term":[{"taxonomy":"product_cat","embeddable":true,"href":"https:\/\/horizontaibah.com\/de\/wp-json\/wp\/v2\/product_cat?post=6831"},{"taxonomy":"product_tag","embeddable":true,"href":"https:\/\/horizontaibah.com\/de\/wp-json\/wp\/v2\/product_tag?post=6831"}],"curies":[{"name":"wp","href":"https:\/\/api.w.org\/{rel}","templated":true}]}}