{"id":6835,"date":"2024-02-08T09:22:21","date_gmt":"2024-02-08T09:22:21","guid":{"rendered":"https:\/\/horizontaibah.com\/?post_type=product&#038;p=6835"},"modified":"2024-02-14T07:42:46","modified_gmt":"2024-02-14T07:42:46","slug":"sesame-tahini","status":"publish","type":"product","link":"https:\/\/horizontaibah.com\/de\/produkt\/sesame-tahini\/","title":{"rendered":"Sesame Tahini"},"content":{"rendered":"<p>Unser Tahini wird aus sorgf\u00e4ltig ausgew\u00e4hlten Sesamsamen hergestellt, die von vertrauensw\u00fcrdigen Lieferanten stammen. Diese Samen werden dann ger\u00f6stet, um ihren nussigen Geschmack zu verst\u00e4rken, bevor sie zu einer glatten und cremigen Paste gemahlen werden. Das Ergebnis ist ein hochwertiges Tahini, das reich an Geschmack und voller N\u00e4hrstoffe ist.<\/p>\n<p>&nbsp;<\/p>","protected":false},"excerpt":{"rendered":"<p><strong>Verpackung<\/strong><\/p>\n<p>Damit unser Tahini in optimalem Zustand bei unseren Kunden ankommt, verwenden wir hochwertige Verpackungsmaterialien. Unser Tahini wird in luftdichten Beh\u00e4ltern verpackt, um seine Frische zu bewahren und Oxidation zu verhindern. Die Verpackung ist au\u00dferdem so gestaltet, dass sie bequem und einfach zu verwenden ist, sodass Sie unser Tahini problemlos genie\u00dfen k\u00f6nnen.<\/p>\n<p>400g, 800g, 2000g, 5000g, 17 kg<\/p>\n<p><strong>Zutaten<\/strong><\/p>\n<p>100 % Sesam (traditionell gesch\u00e4lt, schonend ger\u00f6stet und dann in einer Steinm\u00fchle gemahlen).<\/p>","protected":false},"featured_media":6836,"template":"","meta":[],"product_cat":[165],"product_tag":[],"_links":{"self":[{"href":"https:\/\/horizontaibah.com\/de\/wp-json\/wp\/v2\/product\/6835"}],"collection":[{"href":"https:\/\/horizontaibah.com\/de\/wp-json\/wp\/v2\/product"}],"about":[{"href":"https:\/\/horizontaibah.com\/de\/wp-json\/wp\/v2\/types\/product"}],"version-history":[{"count":2,"href":"https:\/\/horizontaibah.com\/de\/wp-json\/wp\/v2\/product\/6835\/revisions"}],"predecessor-version":[{"id":6842,"href":"https:\/\/horizontaibah.com\/de\/wp-json\/wp\/v2\/product\/6835\/revisions\/6842"}],"wp:featuredmedia":[{"embeddable":true,"href":"https:\/\/horizontaibah.com\/de\/wp-json\/wp\/v2\/media\/6836"}],"wp:attachment":[{"href":"https:\/\/horizontaibah.com\/de\/wp-json\/wp\/v2\/media?parent=6835"}],"wp:term":[{"taxonomy":"product_cat","embeddable":true,"href":"https:\/\/horizontaibah.com\/de\/wp-json\/wp\/v2\/product_cat?post=6835"},{"taxonomy":"product_tag","embeddable":true,"href":"https:\/\/horizontaibah.com\/de\/wp-json\/wp\/v2\/product_tag?post=6835"}],"curies":[{"name":"wp","href":"https:\/\/api.w.org\/{rel}","templated":true}]}}