{"id":6859,"date":"2024-02-12T06:43:46","date_gmt":"2024-02-12T06:43:46","guid":{"rendered":"https:\/\/horizontaibah.com\/?post_type=product&#038;p=6859"},"modified":"2024-02-12T06:44:17","modified_gmt":"2024-02-12T06:44:17","slug":"6859","status":"publish","type":"product","link":"https:\/\/horizontaibah.com\/de\/produkt\/6859\/","title":{"rendered":"Sonnenblumen\u00f6l"},"content":{"rendered":"<p>Wir sind stolz darauf, mit unserem Sonnenblumen\u00f6l ein unverwechselbares und gesundes Produkt anbieten zu k\u00f6nnen, dass Ihren Gerichten einen nat\u00fcrlichen und nahrhaften Geschmack verleiht. Unser Sonnenblumen\u00f6l ist die ideale Wahl, um Ihr Koch-, Back- und Braterlebnis auf gesunde Weise zu verbessern. Die besten Sonnenblumenkerne werden sorgf\u00e4ltig ausgew\u00e4hlt und verpackt, um Ihnen ein hochwertiges nat\u00fcrliches Speise\u00f6l zu liefern. Sonnenblumen\u00f6l enth\u00e4lt das antioxidative Vitamin E, das sich positiv auf die Gesundheit von Haut und Haaren auswirkt.<\/p>","protected":false},"excerpt":{"rendered":"<p><strong>Verpackung<\/strong><br \/>\nDamit unser Sonnenblumen\u00f6l in optimalem Zustand bei unseren Kunden ankommt, verwenden wir hochwertige Verpackungsmaterialien. Diese Verpackung tr\u00e4gt dazu bei, den Geschmack und die Textur des Sonnenblumen\u00f6ls zu erhalten und sicherzustellen, dass es mild und k\u00f6stlich bleibt.<\/p>\n<p>Plastikflaschen 910 mL,1800mL and 5L<\/p>\n<p><strong>Zutaten<\/strong><br \/>\nReines Sonnenblumen\u00f6l 100 %, raffiniertes, geruchloses Sonnenblumen\u00f6l.<\/p>","protected":false},"featured_media":6860,"template":"","meta":[],"product_cat":[168],"product_tag":[],"_links":{"self":[{"href":"https:\/\/horizontaibah.com\/de\/wp-json\/wp\/v2\/product\/6859"}],"collection":[{"href":"https:\/\/horizontaibah.com\/de\/wp-json\/wp\/v2\/product"}],"about":[{"href":"https:\/\/horizontaibah.com\/de\/wp-json\/wp\/v2\/types\/product"}],"version-history":[{"count":2,"href":"https:\/\/horizontaibah.com\/de\/wp-json\/wp\/v2\/product\/6859\/revisions"}],"predecessor-version":[{"id":6865,"href":"https:\/\/horizontaibah.com\/de\/wp-json\/wp\/v2\/product\/6859\/revisions\/6865"}],"wp:featuredmedia":[{"embeddable":true,"href":"https:\/\/horizontaibah.com\/de\/wp-json\/wp\/v2\/media\/6860"}],"wp:attachment":[{"href":"https:\/\/horizontaibah.com\/de\/wp-json\/wp\/v2\/media?parent=6859"}],"wp:term":[{"taxonomy":"product_cat","embeddable":true,"href":"https:\/\/horizontaibah.com\/de\/wp-json\/wp\/v2\/product_cat?post=6859"},{"taxonomy":"product_tag","embeddable":true,"href":"https:\/\/horizontaibah.com\/de\/wp-json\/wp\/v2\/product_tag?post=6859"}],"curies":[{"name":"wp","href":"https:\/\/api.w.org\/{rel}","templated":true}]}}