{"id":6868,"date":"2024-02-12T06:51:23","date_gmt":"2024-02-12T06:51:23","guid":{"rendered":"https:\/\/horizontaibah.com\/?post_type=product&#038;p=6868"},"modified":"2024-02-12T13:29:11","modified_gmt":"2024-02-12T13:29:11","slug":"olive-oil","status":"publish","type":"product","link":"https:\/\/horizontaibah.com\/de\/produkt\/olive-oil\/","title":{"rendered":"Oliven\u00f6l"},"content":{"rendered":"<p>Our virgin olive oil is balanced and mild in taste, slightly bitter with a mildly spicy finish. Our virgin olive oil goes well with all Mediterranean dishes, perfect for vegetarian and vegan cuisine to refine dishes. Our mild olive oil has a pleasantly mild taste and is perfect for anyone who wants a fine but not too intense olive taste.<\/p>","protected":false},"excerpt":{"rendered":"<p>Verpackung<br \/>\nDamit unser Oliven\u00f6l in optimalem Zustand bei unseren Kunden ankommt, verwenden wir hochwertige Verpackungsmaterialien. Diese Verpackung tr\u00e4gt dazu bei, den Geschmack und die Textur des Oliven\u00f6ls zu erhalten und sicherzustellen, dass es mild und k\u00f6stlich bleibt.<\/p>\n<p>Plastikflaschen 1L,3L, und 5L<\/p>\n<p>Zutaten<br \/>\nNatives Oliven\u00f6l, aus den besten Olivenb\u00e4umen Syriens, gefiltert und verpackt nach den neuesten internationalen Standards.<\/p>","protected":false},"featured_media":6869,"template":"","meta":[],"product_cat":[168],"product_tag":[],"_links":{"self":[{"href":"https:\/\/horizontaibah.com\/de\/wp-json\/wp\/v2\/product\/6868"}],"collection":[{"href":"https:\/\/horizontaibah.com\/de\/wp-json\/wp\/v2\/product"}],"about":[{"href":"https:\/\/horizontaibah.com\/de\/wp-json\/wp\/v2\/types\/product"}],"version-history":[{"count":1,"href":"https:\/\/horizontaibah.com\/de\/wp-json\/wp\/v2\/product\/6868\/revisions"}],"predecessor-version":[{"id":6873,"href":"https:\/\/horizontaibah.com\/de\/wp-json\/wp\/v2\/product\/6868\/revisions\/6873"}],"wp:featuredmedia":[{"embeddable":true,"href":"https:\/\/horizontaibah.com\/de\/wp-json\/wp\/v2\/media\/6869"}],"wp:attachment":[{"href":"https:\/\/horizontaibah.com\/de\/wp-json\/wp\/v2\/media?parent=6868"}],"wp:term":[{"taxonomy":"product_cat","embeddable":true,"href":"https:\/\/horizontaibah.com\/de\/wp-json\/wp\/v2\/product_cat?post=6868"},{"taxonomy":"product_tag","embeddable":true,"href":"https:\/\/horizontaibah.com\/de\/wp-json\/wp\/v2\/product_tag?post=6868"}],"curies":[{"name":"wp","href":"https:\/\/api.w.org\/{rel}","templated":true}]}}