{"id":6936,"date":"2024-02-12T13:39:34","date_gmt":"2024-02-12T13:39:34","guid":{"rendered":"https:\/\/horizontaibah.com\/?post_type=product&#038;p=6936"},"modified":"2024-02-12T13:45:17","modified_gmt":"2024-02-12T13:45:17","slug":"artichokes","status":"publish","type":"product","link":"https:\/\/horizontaibah.com\/de\/produkt\/artichokes\/","title":{"rendered":"Eingelegtes Peperoni"},"content":{"rendered":"<p>Our pickled artichokes are a delicious and tangy treat that adds a burst of flavor to any dish. These artichoke hearts are carefully selected and pickled to perfection, creating a unique and savory taste experience. Whether enjoyed as a standalone snack, added to salads, or used as a topping for pizzas and sandwiches, our pickled artichokes are sure to tantalize your taste buds.<\/p>","protected":false},"excerpt":{"rendered":"<p><strong>Verpackung<\/strong><br \/>\nUm die Frische und Qualit\u00e4t unserer eingelegten Artischocken zu gew\u00e4hrleisten, verpacken wir sie in hochwertige, luftdichte Gl\u00e4ser oder Beh\u00e4lter. Diese Verpackung tr\u00e4gt dazu bei, den Geschmack und die Textur der Artischocken zu bewahren und sicherzustellen, dass sie knackig und aromatisch bleiben.<\/p>\n<p>Glass Jar 2800g<\/p>\n<p><strong>Zutaten<\/strong><br \/>\nArtichokes, water, table salt, Acid citric acid.<\/p>","protected":false},"featured_media":6937,"template":"","meta":[],"product_cat":[164],"product_tag":[],"_links":{"self":[{"href":"https:\/\/horizontaibah.com\/de\/wp-json\/wp\/v2\/product\/6936"}],"collection":[{"href":"https:\/\/horizontaibah.com\/de\/wp-json\/wp\/v2\/product"}],"about":[{"href":"https:\/\/horizontaibah.com\/de\/wp-json\/wp\/v2\/types\/product"}],"version-history":[{"count":2,"href":"https:\/\/horizontaibah.com\/de\/wp-json\/wp\/v2\/product\/6936\/revisions"}],"predecessor-version":[{"id":6942,"href":"https:\/\/horizontaibah.com\/de\/wp-json\/wp\/v2\/product\/6936\/revisions\/6942"}],"wp:featuredmedia":[{"embeddable":true,"href":"https:\/\/horizontaibah.com\/de\/wp-json\/wp\/v2\/media\/6937"}],"wp:attachment":[{"href":"https:\/\/horizontaibah.com\/de\/wp-json\/wp\/v2\/media?parent=6936"}],"wp:term":[{"taxonomy":"product_cat","embeddable":true,"href":"https:\/\/horizontaibah.com\/de\/wp-json\/wp\/v2\/product_cat?post=6936"},{"taxonomy":"product_tag","embeddable":true,"href":"https:\/\/horizontaibah.com\/de\/wp-json\/wp\/v2\/product_tag?post=6936"}],"curies":[{"name":"wp","href":"https:\/\/api.w.org\/{rel}","templated":true}]}}