{"id":6939,"date":"2024-02-12T13:44:27","date_gmt":"2024-02-12T13:44:27","guid":{"rendered":"https:\/\/horizontaibah.com\/?post_type=product&#038;p=6939"},"modified":"2024-02-19T17:18:16","modified_gmt":"2024-02-19T17:18:16","slug":"lupin","status":"publish","type":"product","link":"https:\/\/horizontaibah.com\/de\/produkt\/lupin\/","title":{"rendered":"Eingelegte Lupinenkerne"},"content":{"rendered":"<p>Diese eingelegten Lupinen sind einfach und lecker und eignen sich perfekt f\u00fcr unterwegs oder als Salatbeilage. Im Gegensatz zu anderen Snacks sind sie weder trocken noch knusprig. Wir stellen sie uns gerne als mediterranes Edamame mit einer eingelegten Note vor!<\/p>","protected":false},"excerpt":{"rendered":"<p><strong>Verpackung<\/strong><br \/>\nDamit unsere Lupinenbohnen in optimalem Zustand bei Ihnen ankommen, verpacken wir sie in hochwertige, luftdichte Gl\u00e4ser oder Beh\u00e4lter. Diese Verpackung tr\u00e4gt dazu bei, den Geschmack und die Textur der Lupinenbohnen zu bewahren und sicherzustellen, dass sie zart und aromatisch bleiben.<\/p>\n<p>Glass Jar 1000g<\/p>\n<p><strong>Zutaten<\/strong><br \/>\nLupinenbohnen, Wasser, Salz, S\u00e4ureregulator (Zitronens\u00e4ure E330), Konservierungsmittel (Kaliumsorbat E202).<\/p>","protected":false},"featured_media":6940,"template":"","meta":[],"product_cat":[164],"product_tag":[],"_links":{"self":[{"href":"https:\/\/horizontaibah.com\/de\/wp-json\/wp\/v2\/product\/6939"}],"collection":[{"href":"https:\/\/horizontaibah.com\/de\/wp-json\/wp\/v2\/product"}],"about":[{"href":"https:\/\/horizontaibah.com\/de\/wp-json\/wp\/v2\/types\/product"}],"version-history":[{"count":1,"href":"https:\/\/horizontaibah.com\/de\/wp-json\/wp\/v2\/product\/6939\/revisions"}],"predecessor-version":[{"id":6941,"href":"https:\/\/horizontaibah.com\/de\/wp-json\/wp\/v2\/product\/6939\/revisions\/6941"}],"wp:featuredmedia":[{"embeddable":true,"href":"https:\/\/horizontaibah.com\/de\/wp-json\/wp\/v2\/media\/6940"}],"wp:attachment":[{"href":"https:\/\/horizontaibah.com\/de\/wp-json\/wp\/v2\/media?parent=6939"}],"wp:term":[{"taxonomy":"product_cat","embeddable":true,"href":"https:\/\/horizontaibah.com\/de\/wp-json\/wp\/v2\/product_cat?post=6939"},{"taxonomy":"product_tag","embeddable":true,"href":"https:\/\/horizontaibah.com\/de\/wp-json\/wp\/v2\/product_tag?post=6939"}],"curies":[{"name":"wp","href":"https:\/\/api.w.org\/{rel}","templated":true}]}}