{"id":6943,"date":"2024-02-12T13:52:04","date_gmt":"2024-02-12T13:52:04","guid":{"rendered":"https:\/\/horizontaibah.com\/?post_type=product&#038;p=6943"},"modified":"2024-02-12T13:52:04","modified_gmt":"2024-02-12T13:52:04","slug":"mixed-pickles","status":"publish","type":"product","link":"https:\/\/horizontaibah.com\/de\/produkt\/mixed-pickles\/","title":{"rendered":"Eingelegtes gemischtes Gem\u00fcse"},"content":{"rendered":"<p>Unsere eingelegtes Gem\u00fcse sind eine k\u00f6stliche Kombination verschiedener Gem\u00fcsesorten, die sorgf\u00e4ltig eingelegt werden, um eine w\u00fcrzige und aromatische Mischung zu ergeben. Dieses Gemisch aus eingelegtem Gem\u00fcse verleiht Ihren Mahlzeiten einen Hauch von S\u00e4ure und Knusprigkeit und macht es zu einer vielseitigen und k\u00f6stlichen Erg\u00e4nzung zu Sandwiches, Salaten, Burgern und mehr. Unseres eingelegtes Gem\u00fcse werden aus Gem\u00fcse bester Qualit\u00e4t hergestellt und sorgen f\u00fcr ein lebendiges und zufriedenstellendes Geschmackserlebnis.<\/p>","protected":false},"excerpt":{"rendered":"<p><strong>Verpackung<\/strong><br \/>\nUm die Frische und Qualit\u00e4t unserer eingelegtes Gem\u00fcse zu gew\u00e4hrleisten, verpacken wir sie in sichere und luftdichte Gl\u00e4ser oder Beh\u00e4lter. Diese Verpackung tr\u00e4gt dazu bei, den Geschmack und die Knusprigkeit der Gem\u00fcse zu bewahren und so ein Verderben oder einen Qualit\u00e4tsverlust zu verhindern.<\/p>\n<p>Glass Jar 1000g and 2800g<\/p>\n<p><strong>Zutaten<\/strong><br \/>\nPeperonischoten, Wasser, Salz, S\u00e4ureregulator (Zitronens\u00e4ure), Konservierungsmittel (Kaliumsorbat E202).<\/p>","protected":false},"featured_media":6944,"template":"","meta":[],"product_cat":[164],"product_tag":[],"_links":{"self":[{"href":"https:\/\/horizontaibah.com\/de\/wp-json\/wp\/v2\/product\/6943"}],"collection":[{"href":"https:\/\/horizontaibah.com\/de\/wp-json\/wp\/v2\/product"}],"about":[{"href":"https:\/\/horizontaibah.com\/de\/wp-json\/wp\/v2\/types\/product"}],"version-history":[{"count":1,"href":"https:\/\/horizontaibah.com\/de\/wp-json\/wp\/v2\/product\/6943\/revisions"}],"predecessor-version":[{"id":6947,"href":"https:\/\/horizontaibah.com\/de\/wp-json\/wp\/v2\/product\/6943\/revisions\/6947"}],"wp:featuredmedia":[{"embeddable":true,"href":"https:\/\/horizontaibah.com\/de\/wp-json\/wp\/v2\/media\/6944"}],"wp:attachment":[{"href":"https:\/\/horizontaibah.com\/de\/wp-json\/wp\/v2\/media?parent=6943"}],"wp:term":[{"taxonomy":"product_cat","embeddable":true,"href":"https:\/\/horizontaibah.com\/de\/wp-json\/wp\/v2\/product_cat?post=6943"},{"taxonomy":"product_tag","embeddable":true,"href":"https:\/\/horizontaibah.com\/de\/wp-json\/wp\/v2\/product_tag?post=6943"}],"curies":[{"name":"wp","href":"https:\/\/api.w.org\/{rel}","templated":true}]}}