{"id":6949,"date":"2024-02-13T10:19:21","date_gmt":"2024-02-13T10:19:21","guid":{"rendered":"https:\/\/horizontaibah.com\/?post_type=product&#038;p=6949"},"modified":"2024-02-13T10:20:15","modified_gmt":"2024-02-13T10:20:15","slug":"6949","status":"publish","type":"product","link":"https:\/\/horizontaibah.com\/de\/produkt\/6949\/","title":{"rendered":"Getrocknete Malven"},"content":{"rendered":"<p>Unsere trockene Malve bietet eine einzigartige und k\u00f6stliche Erg\u00e4nzung Ihres kulinarischen Repertoires. Egal, ob Sie Importeur oder H\u00e4ndler sind, unsere gro\u00dfen Mengen an Trockenmalve decken Ihren Bedarf perfekt ab. Mit ihrem delikaten Geschmack und ihrer Vielseitigkeit kann trockene Malve sowohl herzhafte als auch s\u00fc\u00dfe Gerichte verfeinern und ihnen einen Hauch von Kr\u00e4utergeschmack verleihen. Vertrauen Sie auf unser Engagement f\u00fcr Qualit\u00e4t und Geschmack, denn wir liefern Ihnen ein Produkt, das den Geschmack Ihrer kulinarischen Kreationen unterstreicht.<\/p>","protected":false},"excerpt":{"rendered":"<p><strong>Verpackung<\/strong><br \/>\nUm die Frische und Qualit\u00e4t unserer Trockenmalve zu erhalten, verpacken wir sie in einer sicheren und luftdichten Verpackung. Unsere Verpackung ist so konzipiert, dass sie das Kraut vor Feuchtigkeit, Licht und m\u00f6glichen Sch\u00e4den w\u00e4hrend des Transports sch\u00fctzt. Dies stellt sicher, dass die trockene Malve in einwandfreiem Zustand bei Ihnen ankommt und in Ihren Rezepten verwendet werden kann.<\/p><\/p>\n<p>Kartons 200g und 400g   Plastik T\u00fcten 200g und 400g<\/p>\n<p><strong>Zutaten<\/strong><br \/>\ndried mallow leaves.<\/p>","protected":false},"featured_media":6950,"template":"","meta":[],"product_cat":[166],"product_tag":[],"_links":{"self":[{"href":"https:\/\/horizontaibah.com\/de\/wp-json\/wp\/v2\/product\/6949"}],"collection":[{"href":"https:\/\/horizontaibah.com\/de\/wp-json\/wp\/v2\/product"}],"about":[{"href":"https:\/\/horizontaibah.com\/de\/wp-json\/wp\/v2\/types\/product"}],"version-history":[{"count":2,"href":"https:\/\/horizontaibah.com\/de\/wp-json\/wp\/v2\/product\/6949\/revisions"}],"predecessor-version":[{"id":6956,"href":"https:\/\/horizontaibah.com\/de\/wp-json\/wp\/v2\/product\/6949\/revisions\/6956"}],"wp:featuredmedia":[{"embeddable":true,"href":"https:\/\/horizontaibah.com\/de\/wp-json\/wp\/v2\/media\/6950"}],"wp:attachment":[{"href":"https:\/\/horizontaibah.com\/de\/wp-json\/wp\/v2\/media?parent=6949"}],"wp:term":[{"taxonomy":"product_cat","embeddable":true,"href":"https:\/\/horizontaibah.com\/de\/wp-json\/wp\/v2\/product_cat?post=6949"},{"taxonomy":"product_tag","embeddable":true,"href":"https:\/\/horizontaibah.com\/de\/wp-json\/wp\/v2\/product_tag?post=6949"}],"curies":[{"name":"wp","href":"https:\/\/api.w.org\/{rel}","templated":true}]}}