{"id":6962,"date":"2024-02-13T10:33:06","date_gmt":"2024-02-13T10:33:06","guid":{"rendered":"https:\/\/horizontaibah.com\/?post_type=product&#038;p=6962"},"modified":"2024-02-13T10:33:06","modified_gmt":"2024-02-13T10:33:06","slug":"paprika-puree-sweet","status":"publish","type":"product","link":"https:\/\/horizontaibah.com\/de\/produkt\/paprika-puree-sweet\/","title":{"rendered":"Paprika P\u00fcree S\u00fc\u00df"},"content":{"rendered":"<p>Entdecken Sie den feurigen und w\u00fcrzigen Kick unseres eingelegten Paprika P\u00fcrees. Diese eingelegte Paprika P\u00fcree werden aus frischen Paprikaschoten hergestellt, die fachm\u00e4nnisch p\u00fcriert und in einer w\u00fcrzigen Salzlake eingelegt wurden, und sind ein w\u00fcrziger Genuss f\u00fcr Paprika Liebhaber. Der Beizvorgang verst\u00e4rkt die nat\u00fcrliche S\u00fc\u00dfe und verleiht ihm eine w\u00fcrzige Note, wodurch eine perfekte Geschmacksbalance entsteht. Unser eingelegtes Paprika-P\u00fcree ist ein vielseitiges Gew\u00fcrz, das verschiedenen Gerichten eine s\u00fc\u00dfe Note verleihen kann.<\/p>","protected":false},"excerpt":{"rendered":"<p><strong>Verpackung<\/strong><br \/>\nDamit unser eingelegtes Paprika-P\u00fcree in optimalem Zustand bei Ihnen ankommt, verpacken wir es in hochwertige, luftdichte Gl\u00e4ser oder Container. Diese Verpackung tr\u00e4gt dazu bei, die Aromen und Texturen des P\u00fcrees\/ Pasta zu bewahren und sicherzustellen, dass sie frisch und voller Sch\u00e4rfe bleiben. Unsere Gl\u00e4ser sind auf Bequemlichkeit ausgelegt, so dass Sie das eingelegte Paprikap\u00fcree leicht genie\u00dfen und alle Reste f\u00fcr die sp\u00e4tere Verwendung aufbewahren k\u00f6nnen.<\/p>\n<p>Glass 550g Plastikeimer 5 kg<\/p>\n<p><strong>Zutaten<\/strong><br \/>\nRoter Pfeffer, Salz, Lebensmittelzusatzstoffe (E330, E202).<\/p>","protected":false},"featured_media":6963,"template":"","meta":[],"product_cat":[164],"product_tag":[],"_links":{"self":[{"href":"https:\/\/horizontaibah.com\/de\/wp-json\/wp\/v2\/product\/6962"}],"collection":[{"href":"https:\/\/horizontaibah.com\/de\/wp-json\/wp\/v2\/product"}],"about":[{"href":"https:\/\/horizontaibah.com\/de\/wp-json\/wp\/v2\/types\/product"}],"version-history":[{"count":1,"href":"https:\/\/horizontaibah.com\/de\/wp-json\/wp\/v2\/product\/6962\/revisions"}],"predecessor-version":[{"id":6965,"href":"https:\/\/horizontaibah.com\/de\/wp-json\/wp\/v2\/product\/6962\/revisions\/6965"}],"wp:featuredmedia":[{"embeddable":true,"href":"https:\/\/horizontaibah.com\/de\/wp-json\/wp\/v2\/media\/6963"}],"wp:attachment":[{"href":"https:\/\/horizontaibah.com\/de\/wp-json\/wp\/v2\/media?parent=6962"}],"wp:term":[{"taxonomy":"product_cat","embeddable":true,"href":"https:\/\/horizontaibah.com\/de\/wp-json\/wp\/v2\/product_cat?post=6962"},{"taxonomy":"product_tag","embeddable":true,"href":"https:\/\/horizontaibah.com\/de\/wp-json\/wp\/v2\/product_tag?post=6962"}],"curies":[{"name":"wp","href":"https:\/\/api.w.org\/{rel}","templated":true}]}}