{"id":7020,"date":"2024-02-14T07:31:55","date_gmt":"2024-02-14T07:31:55","guid":{"rendered":"https:\/\/horizontaibah.com\/?post_type=product&#038;p=7020"},"modified":"2024-02-14T07:31:55","modified_gmt":"2024-02-14T07:31:55","slug":"yalanji-stuffed-grape-leaves","status":"publish","type":"product","link":"https:\/\/horizontaibah.com\/de\/produkt\/yalanji-stuffed-grape-leaves\/","title":{"rendered":"Yalanji gef\u00fcllte weinbl\u00e4tter"},"content":{"rendered":"<p>Erleben Sie den w\u00fcrzigen und herzhaften Geschmack unserer eingelegten gef\u00fcllten Weinbl\u00e4tter. Diese eingelegten Yalanji werden aus frischen Weinbl\u00e4ttern hergestellt, die sorgf\u00e4ltig in einer w\u00fcrzigen Salzlake eingelegt und mit Reis gef\u00fcllt wurden, und sind ein vielseitiges und k\u00f6stliches Gew\u00fcrz, wodurch eine k\u00f6stliche Balance aus s\u00fc\u00dfen, w\u00fcrzigen und herzhaften Aromen entsteht.<\/p>","protected":false},"excerpt":{"rendered":"<p><strong>Verpackung<\/strong><br \/>\nDamit unsere eingelegten gef\u00fcllten Weinbl\u00e4tter optimal bei Ihnen ankommen, verpacken wir sie in hochwertige, luftdichte Beh\u00e4lter. Diese Verpackung tr\u00e4gt dazu bei, den Geschmack und die Textur des Yalanji zu bewahren und sicherzustellen, dass sie saftig und k\u00f6stlich bleiben.<\/p>\n<p>Dose 400g<\/p>\n<p><strong>Zutaten<\/strong><br \/>\nWeinbl\u00e4tter, Reis, Sonnenblumen\u00f6l, Tomaten, Wasser, Oliven\u00f6l, Zwiebeln, Knoblauch, Petersilie, Minze, Zitronens\u00e4ure, Gew\u00fcrze.<\/p>","protected":false},"featured_media":7022,"template":"","meta":[],"product_cat":[166],"product_tag":[],"_links":{"self":[{"href":"https:\/\/horizontaibah.com\/de\/wp-json\/wp\/v2\/product\/7020"}],"collection":[{"href":"https:\/\/horizontaibah.com\/de\/wp-json\/wp\/v2\/product"}],"about":[{"href":"https:\/\/horizontaibah.com\/de\/wp-json\/wp\/v2\/types\/product"}],"version-history":[{"count":1,"href":"https:\/\/horizontaibah.com\/de\/wp-json\/wp\/v2\/product\/7020\/revisions"}],"predecessor-version":[{"id":7023,"href":"https:\/\/horizontaibah.com\/de\/wp-json\/wp\/v2\/product\/7020\/revisions\/7023"}],"wp:featuredmedia":[{"embeddable":true,"href":"https:\/\/horizontaibah.com\/de\/wp-json\/wp\/v2\/media\/7022"}],"wp:attachment":[{"href":"https:\/\/horizontaibah.com\/de\/wp-json\/wp\/v2\/media?parent=7020"}],"wp:term":[{"taxonomy":"product_cat","embeddable":true,"href":"https:\/\/horizontaibah.com\/de\/wp-json\/wp\/v2\/product_cat?post=7020"},{"taxonomy":"product_tag","embeddable":true,"href":"https:\/\/horizontaibah.com\/de\/wp-json\/wp\/v2\/product_tag?post=7020"}],"curies":[{"name":"wp","href":"https:\/\/api.w.org\/{rel}","templated":true}]}}