{"id":7060,"date":"2024-02-20T15:36:23","date_gmt":"2024-02-20T15:36:23","guid":{"rendered":"https:\/\/horizontaibah.com\/?post_type=product&#038;p=7060"},"modified":"2024-02-20T15:37:52","modified_gmt":"2024-02-20T15:37:52","slug":"falafel","status":"publish","type":"product","link":"https:\/\/horizontaibah.com\/de\/produkt\/falafel\/","title":{"rendered":"Falafel"},"content":{"rendered":"<p>Kichererbsen Falafel ist ein Klassiker der orientalischen K\u00fcche und mit unserer einfachen und schnell zuzubereitenden Falafel-Fertigmischung hast du immer das beste Falafel Rezept in der Schublade liegen. Der hohe Ballaststoff- und Proteingehalt machen sie zu einem idealen Hauptgericht oder zu einem herzhaften Snack f\u00fcr die Mittagspause.<\/p>","protected":false},"excerpt":{"rendered":"<p><strong>Verpackung<\/strong><br \/>\nUm die Frische und Qualit\u00e4t unserer Falafel Fertigmischung zu erhalten, verpacken wir sie in einer sicheren und luftdichten Verpackung. Unsere Verpackung ist so konzipiert, dass sie die Mischung vor Feuchtigkeit, Licht und m\u00f6glichen Transportsch\u00e4den sch\u00fctzt. Dies stellt sicher, dass das Produkt in einwandfreiem Zustand bei Ihnen ankommen und in Ihren Malzeiten verwendet werden k\u00f6nnen<\/p>\n<p>Kartons 400g.<\/p>\n<p><strong>Zutaten:<\/strong><br \/>\nKichererbsen, Sesam, Zwiebeln, Knoblauch, Koriander, Salz, Natriumbicarbonat, Kreuzk\u00fcmmel.<\/p>","protected":false},"featured_media":7064,"template":"","meta":[],"product_cat":[166],"product_tag":[],"_links":{"self":[{"href":"https:\/\/horizontaibah.com\/de\/wp-json\/wp\/v2\/product\/7060"}],"collection":[{"href":"https:\/\/horizontaibah.com\/de\/wp-json\/wp\/v2\/product"}],"about":[{"href":"https:\/\/horizontaibah.com\/de\/wp-json\/wp\/v2\/types\/product"}],"version-history":[{"count":1,"href":"https:\/\/horizontaibah.com\/de\/wp-json\/wp\/v2\/product\/7060\/revisions"}],"predecessor-version":[{"id":7062,"href":"https:\/\/horizontaibah.com\/de\/wp-json\/wp\/v2\/product\/7060\/revisions\/7062"}],"wp:featuredmedia":[{"embeddable":true,"href":"https:\/\/horizontaibah.com\/de\/wp-json\/wp\/v2\/media\/7064"}],"wp:attachment":[{"href":"https:\/\/horizontaibah.com\/de\/wp-json\/wp\/v2\/media?parent=7060"}],"wp:term":[{"taxonomy":"product_cat","embeddable":true,"href":"https:\/\/horizontaibah.com\/de\/wp-json\/wp\/v2\/product_cat?post=7060"},{"taxonomy":"product_tag","embeddable":true,"href":"https:\/\/horizontaibah.com\/de\/wp-json\/wp\/v2\/product_tag?post=7060"}],"curies":[{"name":"wp","href":"https:\/\/api.w.org\/{rel}","templated":true}]}}