{"id":7065,"date":"2024-02-20T19:24:51","date_gmt":"2024-02-20T19:24:51","guid":{"rendered":"https:\/\/horizontaibah.com\/?post_type=product&#038;p=7065"},"modified":"2024-02-21T19:40:50","modified_gmt":"2024-02-21T19:40:50","slug":"chickpeas","status":"publish","type":"product","link":"https:\/\/horizontaibah.com\/de\/produkt\/chickpeas\/","title":{"rendered":"Kichererbsen"},"content":{"rendered":"<p>Entdecken Sie die Vielseitigkeit und die ern\u00e4hrungsphysiologischen Vorteile unserer Premium-Kichererbsen. Kichererbsen, auch bekannt als Kichererbsen, sind ein Grundnahrungsmittel in vielen K\u00fcchen auf der ganzen Welt. Mit ihrem nussigen Geschmack und ihrer cremigen Textur sind Kichererbsen eine beliebte Zutat in Gerichten wie Hummus, Salaten, Suppen und Eint\u00f6pfen.<\/p>","protected":false},"excerpt":{"rendered":"<p><strong>Verpackung<\/strong><br \/>\nUm die Frische und Qualit\u00e4t unserer Kichererbsen zu erhalten, verwenden wir spezielle Verpackungstechniken. Die Kichererbsen werden sorgf\u00e4ltig in langlebigen und luftdichten Beh\u00e4ltern oder Beuteln verpackt, die sie vor Feuchtigkeit und Verunreinigungen sch\u00fctzen. Dadurch wird sichergestellt, dass die Kichererbsen auch w\u00e4hrend des Transports und der Lagerung \u00fcber weite Strecken ihre Textur und ihren Geschmack behalten.<\/p>\n<p>800g von 12mm und 9mm<\/p>","protected":false},"featured_media":7066,"template":"","meta":[],"product_cat":[249],"product_tag":[],"_links":{"self":[{"href":"https:\/\/horizontaibah.com\/de\/wp-json\/wp\/v2\/product\/7065"}],"collection":[{"href":"https:\/\/horizontaibah.com\/de\/wp-json\/wp\/v2\/product"}],"about":[{"href":"https:\/\/horizontaibah.com\/de\/wp-json\/wp\/v2\/types\/product"}],"version-history":[{"count":1,"href":"https:\/\/horizontaibah.com\/de\/wp-json\/wp\/v2\/product\/7065\/revisions"}],"predecessor-version":[{"id":7067,"href":"https:\/\/horizontaibah.com\/de\/wp-json\/wp\/v2\/product\/7065\/revisions\/7067"}],"wp:featuredmedia":[{"embeddable":true,"href":"https:\/\/horizontaibah.com\/de\/wp-json\/wp\/v2\/media\/7066"}],"wp:attachment":[{"href":"https:\/\/horizontaibah.com\/de\/wp-json\/wp\/v2\/media?parent=7065"}],"wp:term":[{"taxonomy":"product_cat","embeddable":true,"href":"https:\/\/horizontaibah.com\/de\/wp-json\/wp\/v2\/product_cat?post=7065"},{"taxonomy":"product_tag","embeddable":true,"href":"https:\/\/horizontaibah.com\/de\/wp-json\/wp\/v2\/product_tag?post=7065"}],"curies":[{"name":"wp","href":"https:\/\/api.w.org\/{rel}","templated":true}]}}