{"id":7085,"date":"2024-02-21T08:19:02","date_gmt":"2024-02-21T08:19:02","guid":{"rendered":"https:\/\/horizontaibah.com\/?post_type=product&#038;p=7085"},"modified":"2024-02-21T19:40:32","modified_gmt":"2024-02-21T19:40:32","slug":"white-beans","status":"publish","type":"product","link":"https:\/\/horizontaibah.com\/de\/produkt\/white-beans\/","title":{"rendered":"Wei\u00dfe Bohnen"},"content":{"rendered":"<p>Entdecken Sie die vielseitigen und nahrhaften wei\u00dfen Bohnen, die von unserem Unternehmen angeboten werden. Wei\u00dfe Bohnen, auch bekannt als Marinebohnen, sind eine Grundzutat in vielen K\u00fcchen auf der ganzen Welt. Sie haben einen milden und cremigen Geschmack und eignen sich daher perfekt f\u00fcr eine Vielzahl von Gerichten, von Suppen und Eint\u00f6pfen bis hin zu Salaten und Aufstrichen.<\/p>","protected":false},"excerpt":{"rendered":"<p><strong>Verpackung<\/strong><br \/>\nUm die Frische und Qualit\u00e4t unserer wei\u00dfen Bohnen zu erhalten, verwenden wir spezielle Verpackungs-techniken. Die Bohnen werden sorgf\u00e4ltig in verschlossenen Beh\u00e4ltern oder Beuteln verpackt, um sie vor Licht, Feuchtigkeit und Luft zu sch\u00fctzen. Dadurch wird sichergestellt, dass die wei\u00dfen Bohnen auch w\u00e4hrend des Transports und der Lagerung ihren N\u00e4hrwert und ihre cremige Textur behalten.<\/p>\n<p>800 gr.<\/p>","protected":false},"featured_media":7087,"template":"","meta":[],"product_cat":[249],"product_tag":[],"_links":{"self":[{"href":"https:\/\/horizontaibah.com\/de\/wp-json\/wp\/v2\/product\/7085"}],"collection":[{"href":"https:\/\/horizontaibah.com\/de\/wp-json\/wp\/v2\/product"}],"about":[{"href":"https:\/\/horizontaibah.com\/de\/wp-json\/wp\/v2\/types\/product"}],"version-history":[{"count":1,"href":"https:\/\/horizontaibah.com\/de\/wp-json\/wp\/v2\/product\/7085\/revisions"}],"predecessor-version":[{"id":7089,"href":"https:\/\/horizontaibah.com\/de\/wp-json\/wp\/v2\/product\/7085\/revisions\/7089"}],"wp:featuredmedia":[{"embeddable":true,"href":"https:\/\/horizontaibah.com\/de\/wp-json\/wp\/v2\/media\/7087"}],"wp:attachment":[{"href":"https:\/\/horizontaibah.com\/de\/wp-json\/wp\/v2\/media?parent=7085"}],"wp:term":[{"taxonomy":"product_cat","embeddable":true,"href":"https:\/\/horizontaibah.com\/de\/wp-json\/wp\/v2\/product_cat?post=7085"},{"taxonomy":"product_tag","embeddable":true,"href":"https:\/\/horizontaibah.com\/de\/wp-json\/wp\/v2\/product_tag?post=7085"}],"curies":[{"name":"wp","href":"https:\/\/api.w.org\/{rel}","templated":true}]}}