{"id":7105,"date":"2024-02-23T16:49:54","date_gmt":"2024-02-23T16:49:54","guid":{"rendered":"https:\/\/horizontaibah.com\/?post_type=product&#038;p=7105"},"modified":"2024-02-23T16:51:06","modified_gmt":"2024-02-23T16:51:06","slug":"bulgur-fine","status":"publish","type":"product","link":"https:\/\/horizontaibah.com\/de\/produkt\/bulgur-fine\/","title":{"rendered":"Bulgur fine"},"content":{"rendered":"<p>Unsere Bulgur-k\u00f6rner werden von vertrauensw\u00fcrdigen Lieferanten bezogen, die sie mit gr\u00f6\u00dfter Sorgfalt und Aufmerksamkeit f\u00fcr Qualit\u00e4t anbauen. Diese kleinen K\u00f6rner sind bekannt f\u00fcr ihren reichhaltigen, nussigen Geschmack und sind eine Grundzutat in vielen K\u00fcchen auf der ganzen Welt.<\/p>","protected":false},"excerpt":{"rendered":"<p><strong>Verpackung<\/strong><br \/>\nUm die Frische und Qualit\u00e4t unserer Bulgur-k\u00f6rner zu erhalten, verwenden wir spezielle Verpackungstechniken. Die Bulgur-K\u00f6rner werden sorgf\u00e4ltig in verschlossenen Beh\u00e4ltern oder Beuteln verpackt, um sie vor Licht, Feuchtigkeit und Luft zu sch\u00fctzen. Dadurch wird sichergestellt, dass Bulgur auch w\u00e4hrend des Transports und der Lagerung ihren N\u00e4hrwert und Geschmack behalten.<\/p>\n<p>800gr<\/p>","protected":false},"featured_media":7101,"template":"","meta":[],"product_cat":[249],"product_tag":[],"_links":{"self":[{"href":"https:\/\/horizontaibah.com\/de\/wp-json\/wp\/v2\/product\/7105"}],"collection":[{"href":"https:\/\/horizontaibah.com\/de\/wp-json\/wp\/v2\/product"}],"about":[{"href":"https:\/\/horizontaibah.com\/de\/wp-json\/wp\/v2\/types\/product"}],"version-history":[{"count":2,"href":"https:\/\/horizontaibah.com\/de\/wp-json\/wp\/v2\/product\/7105\/revisions"}],"predecessor-version":[{"id":7107,"href":"https:\/\/horizontaibah.com\/de\/wp-json\/wp\/v2\/product\/7105\/revisions\/7107"}],"wp:featuredmedia":[{"embeddable":true,"href":"https:\/\/horizontaibah.com\/de\/wp-json\/wp\/v2\/media\/7101"}],"wp:attachment":[{"href":"https:\/\/horizontaibah.com\/de\/wp-json\/wp\/v2\/media?parent=7105"}],"wp:term":[{"taxonomy":"product_cat","embeddable":true,"href":"https:\/\/horizontaibah.com\/de\/wp-json\/wp\/v2\/product_cat?post=7105"},{"taxonomy":"product_tag","embeddable":true,"href":"https:\/\/horizontaibah.com\/de\/wp-json\/wp\/v2\/product_tag?post=7105"}],"curies":[{"name":"wp","href":"https:\/\/api.w.org\/{rel}","templated":true}]}}