{"id":7114,"date":"2024-02-23T17:15:27","date_gmt":"2024-02-23T17:15:27","guid":{"rendered":"https:\/\/horizontaibah.com\/?post_type=product&#038;p=7114"},"modified":"2024-02-23T17:16:47","modified_gmt":"2024-02-23T17:16:47","slug":"bulgur-white-geriesh-jerish","status":"publish","type":"product","link":"https:\/\/horizontaibah.com\/de\/produkt\/bulgur-white-geriesh-jerish\/","title":{"rendered":"Bulgur Wei\u00dfer Geriesh (Jerish)"},"content":{"rendered":"<p>Unserer Feiner Jerish Bulgur, ein hochwertiger Bulgur aus feinstem Hartweizen. Diese Packung ist perfekt f\u00fcr alle, die gerne zu Hause gesunde und k\u00f6stliche Mahlzeiten zubereiten. Mit seinem nussigen Geschmack und seiner geschmeidigen Textur ist es eine vielseitige Zutat, die in verschiedenen Gerichten wie Pilaws, Salaten und Suppen verwendet werden kann. Bodrum Fine Jerish Bulgur ist au\u00dferdem reich an Ballaststoffen und Proteinen, was ihn zu einer nahrhaften Erg\u00e4nzung jeder Di\u00e4t macht. Bestellen Sie jetzt und genie\u00dfen Sie den authentischen Geschmack der t\u00fcrkischen K\u00fcche in Ihrer eigenen K\u00fcche<\/p>","protected":false},"excerpt":{"rendered":"<p><strong>Verpackung<\/strong><br \/>\nUm die Frische und Qualit\u00e4t unserer Geriesh-k\u00f6rner zu erhalten, verwenden wir spezielle Verpackungstechniken. Die Bulgur-K\u00f6rner werden sorgf\u00e4ltig in verschlossenen Beh\u00e4ltern oder Beuteln verpackt, um sie vor Licht, Feuchtigkeit und Luft zu sch\u00fctzen. Dadurch wird sichergestellt, dass Geriesh auch w\u00e4hrend des Transports und der Lagerung ihren N\u00e4hrwert und Geschmack behalten.<\/p>\n<p>800gr.<\/p>","protected":false},"featured_media":7115,"template":"","meta":[],"product_cat":[249],"product_tag":[],"_links":{"self":[{"href":"https:\/\/horizontaibah.com\/de\/wp-json\/wp\/v2\/product\/7114"}],"collection":[{"href":"https:\/\/horizontaibah.com\/de\/wp-json\/wp\/v2\/product"}],"about":[{"href":"https:\/\/horizontaibah.com\/de\/wp-json\/wp\/v2\/types\/product"}],"version-history":[{"count":1,"href":"https:\/\/horizontaibah.com\/de\/wp-json\/wp\/v2\/product\/7114\/revisions"}],"predecessor-version":[{"id":7116,"href":"https:\/\/horizontaibah.com\/de\/wp-json\/wp\/v2\/product\/7114\/revisions\/7116"}],"wp:featuredmedia":[{"embeddable":true,"href":"https:\/\/horizontaibah.com\/de\/wp-json\/wp\/v2\/media\/7115"}],"wp:attachment":[{"href":"https:\/\/horizontaibah.com\/de\/wp-json\/wp\/v2\/media?parent=7114"}],"wp:term":[{"taxonomy":"product_cat","embeddable":true,"href":"https:\/\/horizontaibah.com\/de\/wp-json\/wp\/v2\/product_cat?post=7114"},{"taxonomy":"product_tag","embeddable":true,"href":"https:\/\/horizontaibah.com\/de\/wp-json\/wp\/v2\/product_tag?post=7114"}],"curies":[{"name":"wp","href":"https:\/\/api.w.org\/{rel}","templated":true}]}}