{"id":7120,"date":"2024-02-23T18:59:44","date_gmt":"2024-02-23T18:59:44","guid":{"rendered":"https:\/\/horizontaibah.com\/?post_type=product&#038;p=7120"},"modified":"2024-02-23T18:59:44","modified_gmt":"2024-02-23T18:59:44","slug":"popcorn","status":"publish","type":"product","link":"https:\/\/horizontaibah.com\/de\/produkt\/popcorn\/","title":{"rendered":"Popcorn Mais"},"content":{"rendered":"<p>Mit unserem leckeren Popcornmais oder Puffmais, k\u00f6nnen Sie sich f\u00fcr einen gem\u00fctlichen Kinoabend, ganz schnell, ihr leckeres Popcorn selbstzubereiten. Egal ob s\u00fc\u00df, salzig oder neutral. Mit unserem Popcornmais gelingt Ihnen jede Variante sicherlich im Handumdrehen.<\/p>","protected":false},"excerpt":{"rendered":"<p><strong>Verpackung<\/strong><br \/>\nUm die Frische und Qualit\u00e4t unserer Maisk\u00f6rner zu erhalten, verwenden wir spezielle Verpackungstechniken. Die Maisk\u00f6rner werden sorgf\u00e4ltig in langlebigen und luftdichten Beh\u00e4ltern oder Beuteln verpackt, die sie vor Feuchtigkeit und Verunreinigungen sch\u00fctzen. Dadurch wird sichergestellt, dass die Maisk\u00f6rner auch w\u00e4hrend des Transports und der Lagerung \u00fcber weite Strecken ihre Textur und ihren Geschmack behalten.<\/p>\n<p>800gr.<\/p>","protected":false},"featured_media":7121,"template":"","meta":[],"product_cat":[249],"product_tag":[],"_links":{"self":[{"href":"https:\/\/horizontaibah.com\/de\/wp-json\/wp\/v2\/product\/7120"}],"collection":[{"href":"https:\/\/horizontaibah.com\/de\/wp-json\/wp\/v2\/product"}],"about":[{"href":"https:\/\/horizontaibah.com\/de\/wp-json\/wp\/v2\/types\/product"}],"version-history":[{"count":1,"href":"https:\/\/horizontaibah.com\/de\/wp-json\/wp\/v2\/product\/7120\/revisions"}],"predecessor-version":[{"id":7122,"href":"https:\/\/horizontaibah.com\/de\/wp-json\/wp\/v2\/product\/7120\/revisions\/7122"}],"wp:featuredmedia":[{"embeddable":true,"href":"https:\/\/horizontaibah.com\/de\/wp-json\/wp\/v2\/media\/7121"}],"wp:attachment":[{"href":"https:\/\/horizontaibah.com\/de\/wp-json\/wp\/v2\/media?parent=7120"}],"wp:term":[{"taxonomy":"product_cat","embeddable":true,"href":"https:\/\/horizontaibah.com\/de\/wp-json\/wp\/v2\/product_cat?post=7120"},{"taxonomy":"product_tag","embeddable":true,"href":"https:\/\/horizontaibah.com\/de\/wp-json\/wp\/v2\/product_tag?post=7120"}],"curies":[{"name":"wp","href":"https:\/\/api.w.org\/{rel}","templated":true}]}}