{"id":7130,"date":"2024-02-23T19:19:13","date_gmt":"2024-02-23T19:19:13","guid":{"rendered":"https:\/\/horizontaibah.com\/?post_type=product&#038;p=7130"},"modified":"2024-03-04T13:22:45","modified_gmt":"2024-03-04T13:22:45","slug":"semolina","status":"publish","type":"product","link":"https:\/\/horizontaibah.com\/de\/produkt\/semolina\/","title":{"rendered":"Grie\u00df"},"content":{"rendered":"<p>Hartweizen ist eine besondere Weizenart mit einem sehr harten Korn. Er wird vor allem in Italien angebaut und dort traditionell f\u00fcr Pasta verwendet. Unser Hartweizengrie\u00df hat eine sch\u00f6ne Gelbf\u00e4rbung und eine hohe Kochfestigkeit. Er eignet sich f\u00fcr die Herstellung von Nudelteigen, Gnocchi, Grie\u00dfkl\u00f6\u00dfchen oder Grie\u00dfkn\u00f6deln.<\/p>","protected":false},"excerpt":{"rendered":"<p><strong>Verpackung<\/strong><br \/>\nUm die Frische und Qualit\u00e4t unserer Grie\u00dfk\u00f6rner zu erhalten, verpacken wir sie in einer sicheren und luftdichten Verpackung. Unsere Verpackung ist so konzipiert, dass sie die K\u00f6rner vor Feuchtigkeit, Licht und m\u00f6glichen Transportsch\u00e4den sch\u00fctzt. Dies stellt sicher, dass die Grie\u00dfk\u00f6rner in einwandfreiem Zustand bei Ihnen ankommen und in Ihren Rezepten verwendet werden k\u00f6nnen.<\/p>\n<p>800g Grob \/ Fine \/ Grie\u00dfmehl<\/p>","protected":false},"featured_media":7174,"template":"","meta":[],"product_cat":[249],"product_tag":[],"_links":{"self":[{"href":"https:\/\/horizontaibah.com\/de\/wp-json\/wp\/v2\/product\/7130"}],"collection":[{"href":"https:\/\/horizontaibah.com\/de\/wp-json\/wp\/v2\/product"}],"about":[{"href":"https:\/\/horizontaibah.com\/de\/wp-json\/wp\/v2\/types\/product"}],"version-history":[{"count":1,"href":"https:\/\/horizontaibah.com\/de\/wp-json\/wp\/v2\/product\/7130\/revisions"}],"predecessor-version":[{"id":7132,"href":"https:\/\/horizontaibah.com\/de\/wp-json\/wp\/v2\/product\/7130\/revisions\/7132"}],"wp:featuredmedia":[{"embeddable":true,"href":"https:\/\/horizontaibah.com\/de\/wp-json\/wp\/v2\/media\/7174"}],"wp:attachment":[{"href":"https:\/\/horizontaibah.com\/de\/wp-json\/wp\/v2\/media?parent=7130"}],"wp:term":[{"taxonomy":"product_cat","embeddable":true,"href":"https:\/\/horizontaibah.com\/de\/wp-json\/wp\/v2\/product_cat?post=7130"},{"taxonomy":"product_tag","embeddable":true,"href":"https:\/\/horizontaibah.com\/de\/wp-json\/wp\/v2\/product_tag?post=7130"}],"curies":[{"name":"wp","href":"https:\/\/api.w.org\/{rel}","templated":true}]}}