{"id":7140,"date":"2024-02-28T06:27:41","date_gmt":"2024-02-28T06:27:41","guid":{"rendered":"https:\/\/horizontaibah.com\/?post_type=product&#038;p=7140"},"modified":"2024-02-28T07:09:58","modified_gmt":"2024-02-28T07:09:58","slug":"croissant","status":"publish","type":"product","link":"https:\/\/horizontaibah.com\/de\/produkt\/croissant\/","title":{"rendered":"Croissant"},"content":{"rendered":"<p>unsere Originalcroissant ist ideal f\u00fcr das Naschen zwischendurch, mit seidiger Schoko und Karamell F\u00fcllung. Wahre Gen\u00fcsse f\u00fcr zwischendurch, perfekt zum Teilen, Verschenken oder sofortigen Genie\u00dfen.<\/p>","protected":false},"excerpt":{"rendered":"<p><strong>Verpackung<\/strong><br \/>\nUm die Frische und Qualit\u00e4t unserem Croissant zu erhalten, verpacken wir es in luftdichten Beh\u00e4ltern, die es vor Feuchtigkeit und Oxidation sch\u00fctzen. Die Verpackung ist so konzipiert, dass sie bequem und einfach zu bedienen ist, so dass Sie das nach Belieben genie\u00dfen k\u00f6nnen.<\/p>\n<p><strong>210 gr.<\/strong><\/p>","protected":false},"featured_media":7141,"template":"","meta":[],"product_cat":[169],"product_tag":[],"_links":{"self":[{"href":"https:\/\/horizontaibah.com\/de\/wp-json\/wp\/v2\/product\/7140"}],"collection":[{"href":"https:\/\/horizontaibah.com\/de\/wp-json\/wp\/v2\/product"}],"about":[{"href":"https:\/\/horizontaibah.com\/de\/wp-json\/wp\/v2\/types\/product"}],"version-history":[{"count":2,"href":"https:\/\/horizontaibah.com\/de\/wp-json\/wp\/v2\/product\/7140\/revisions"}],"predecessor-version":[{"id":7166,"href":"https:\/\/horizontaibah.com\/de\/wp-json\/wp\/v2\/product\/7140\/revisions\/7166"}],"wp:featuredmedia":[{"embeddable":true,"href":"https:\/\/horizontaibah.com\/de\/wp-json\/wp\/v2\/media\/7141"}],"wp:attachment":[{"href":"https:\/\/horizontaibah.com\/de\/wp-json\/wp\/v2\/media?parent=7140"}],"wp:term":[{"taxonomy":"product_cat","embeddable":true,"href":"https:\/\/horizontaibah.com\/de\/wp-json\/wp\/v2\/product_cat?post=7140"},{"taxonomy":"product_tag","embeddable":true,"href":"https:\/\/horizontaibah.com\/de\/wp-json\/wp\/v2\/product_tag?post=7140"}],"curies":[{"name":"wp","href":"https:\/\/api.w.org\/{rel}","templated":true}]}}