{"id":7153,"date":"2024-02-28T06:47:24","date_gmt":"2024-02-28T06:47:24","guid":{"rendered":"https:\/\/horizontaibah.com\/?post_type=product&#038;p=7153"},"modified":"2024-02-28T07:09:17","modified_gmt":"2024-02-28T07:09:17","slug":"muffins","status":"publish","type":"product","link":"https:\/\/horizontaibah.com\/de\/produkt\/muffins\/","title":{"rendered":"Muffins"},"content":{"rendered":"<p>Entdecken Sie unsere k\u00f6stlichen Muffins \u2013 ein wahres Geschmackserlebnis! Jeder Bissen ist eine Fusion von zarter Textur und exquisitem Geschmack. die Muffins sind in den k\u00f6stlichen Geschmacksrichtungen Karamell, Schokolade, Erdbeere und einer erfrischenden Orangenf\u00fcllung erh\u00e4ltlich. Jede Variante ist meisterhaft zubereitet, um Ihnen einen unverwechselbaren Genuss zu bieten.<\/p>","protected":false},"excerpt":{"rendered":"<p><strong>Verpackung<\/strong><br \/>\nUnsere Muffins werden nicht nur mit h\u00f6chster Sorgfalt in Handarbeit hergestellt, sondern auch genauso liebevoll verpackt. Egal, ob Sie sich f\u00fcr die verlockende Karamellvariante, die schokoladige Verf\u00fchrung, den fruchtigen Erdbeergenuss oder die erfrischende orangefarbene F\u00fcllung entscheiden \u2013 unsere Muffins bleiben dank der innovativen Verpackung frisch, fluffig und bereit, Ihren Gaumen zu verw\u00f6hnen. G\u00f6nnen<\/p>\n<p><strong>100 gr.<\/strong><\/p>","protected":false},"featured_media":7154,"template":"","meta":[],"product_cat":[169],"product_tag":[],"_links":{"self":[{"href":"https:\/\/horizontaibah.com\/de\/wp-json\/wp\/v2\/product\/7153"}],"collection":[{"href":"https:\/\/horizontaibah.com\/de\/wp-json\/wp\/v2\/product"}],"about":[{"href":"https:\/\/horizontaibah.com\/de\/wp-json\/wp\/v2\/types\/product"}],"version-history":[{"count":2,"href":"https:\/\/horizontaibah.com\/de\/wp-json\/wp\/v2\/product\/7153\/revisions"}],"predecessor-version":[{"id":7164,"href":"https:\/\/horizontaibah.com\/de\/wp-json\/wp\/v2\/product\/7153\/revisions\/7164"}],"wp:featuredmedia":[{"embeddable":true,"href":"https:\/\/horizontaibah.com\/de\/wp-json\/wp\/v2\/media\/7154"}],"wp:attachment":[{"href":"https:\/\/horizontaibah.com\/de\/wp-json\/wp\/v2\/media?parent=7153"}],"wp:term":[{"taxonomy":"product_cat","embeddable":true,"href":"https:\/\/horizontaibah.com\/de\/wp-json\/wp\/v2\/product_cat?post=7153"},{"taxonomy":"product_tag","embeddable":true,"href":"https:\/\/horizontaibah.com\/de\/wp-json\/wp\/v2\/product_tag?post=7153"}],"curies":[{"name":"wp","href":"https:\/\/api.w.org\/{rel}","templated":true}]}}