{"id":7179,"date":"2024-03-04T13:28:32","date_gmt":"2024-03-04T13:28:32","guid":{"rendered":"https:\/\/horizontaibah.com\/?post_type=product&#038;p=7179"},"modified":"2024-03-04T13:32:13","modified_gmt":"2024-03-04T13:32:13","slug":"jelly","status":"publish","type":"product","link":"https:\/\/horizontaibah.com\/de\/produkt\/jelly\/","title":{"rendered":"Jelly"},"content":{"rendered":"<p>Entdecken Sie das einzigartige Geschmackserlebnis unseres Jelly Powder-Produkts in den k\u00f6stlichen Varianten Erdbeere, Banane, Apfel und Kirsche. Perfekt als Dessert oder einfach zwischendurch \u2013 unsere k\u00f6stlichen Geschmacksrichtungen werden Sie begeistern und Ihren Gaumen verw\u00f6hnen. G\u00f6nnen Sie sich den Genuss und erleben Sie den unvergleichlichen Geschmack unseres Geleepulvers.<\/p>","protected":false},"excerpt":{"rendered":"<p><strong>Verpackung<\/strong><br \/>\nDurch den Einsatz innovativer Materialien und fortschrittlicher Technologien sch\u00fctzen wir das Produkt optimal bei Transport und Lagerung. Die Verpackung ist benutzerfreundlich, leicht zu \u00f6ffnen, wiederverschlie\u00dfbar und erm\u00f6glicht eine einfache Dosierung. Dadurch erhalten unsere Kunden stets ein hochwertiges und frisches Produkt.<\/p>\n<p><strong>85g.<\/strong><\/p>\n<p><strong>Aromen:<\/strong> Erdbeere, Kirsche, Banane, \u00c4pfel.<\/p>","protected":false},"featured_media":7180,"template":"","meta":[],"product_cat":[169],"product_tag":[],"_links":{"self":[{"href":"https:\/\/horizontaibah.com\/de\/wp-json\/wp\/v2\/product\/7179"}],"collection":[{"href":"https:\/\/horizontaibah.com\/de\/wp-json\/wp\/v2\/product"}],"about":[{"href":"https:\/\/horizontaibah.com\/de\/wp-json\/wp\/v2\/types\/product"}],"version-history":[{"count":1,"href":"https:\/\/horizontaibah.com\/de\/wp-json\/wp\/v2\/product\/7179\/revisions"}],"predecessor-version":[{"id":7186,"href":"https:\/\/horizontaibah.com\/de\/wp-json\/wp\/v2\/product\/7179\/revisions\/7186"}],"wp:featuredmedia":[{"embeddable":true,"href":"https:\/\/horizontaibah.com\/de\/wp-json\/wp\/v2\/media\/7180"}],"wp:attachment":[{"href":"https:\/\/horizontaibah.com\/de\/wp-json\/wp\/v2\/media?parent=7179"}],"wp:term":[{"taxonomy":"product_cat","embeddable":true,"href":"https:\/\/horizontaibah.com\/de\/wp-json\/wp\/v2\/product_cat?post=7179"},{"taxonomy":"product_tag","embeddable":true,"href":"https:\/\/horizontaibah.com\/de\/wp-json\/wp\/v2\/product_tag?post=7179"}],"curies":[{"name":"wp","href":"https:\/\/api.w.org\/{rel}","templated":true}]}}