{"id":7187,"date":"2024-03-04T13:35:19","date_gmt":"2024-03-04T13:35:19","guid":{"rendered":"https:\/\/horizontaibah.com\/?post_type=product&#038;p=7187"},"modified":"2024-03-04T13:36:39","modified_gmt":"2024-03-04T13:36:39","slug":"creme-caramel","status":"publish","type":"product","link":"https:\/\/horizontaibah.com\/de\/produkt\/creme-caramel\/","title":{"rendered":"Creme Caramel"},"content":{"rendered":"<p>Entdecken Sie das einzigartige Geschmackserlebnis unseres Creme Caramel Produkts in einer Vielzahl von k\u00f6stlichen Varianten. Ob klassisch, mit einem Hauch von Vanille oder verfeinert mit Karamell \u2013 jede Variation verspricht einen unvergesslichen Genussmoment. Perfekt als eleganter Nachtisch oder einfach als s\u00fc\u00dfe Belohnung zwischendurch, unsere cremigen K\u00f6stlichkeiten werden Ihre Geschmacksknospen verw\u00f6hnen und Ihren Gaumen verf\u00fchren.<\/p>","protected":false},"excerpt":{"rendered":"<p><strong>Verpackung<\/strong><br \/>\nDurch innovative Materialien und fortschrittliche Technologien sch\u00fctzen wir unser Creme Caramel Produkt w\u00e4hrend Transport und Lagerung optimal. Die Verpackung ist benutzerfreundlich gestaltet, leicht zu \u00f6ffnen, wiederverschlie\u00dfbar und erm\u00f6glicht eine einfache Dosierung. Dadurch erhalten unsere Kunden stets ein hochwertiges und frisches Produkt.<\/p>\n<p><strong>100 gr.<\/strong><\/p>","protected":false},"featured_media":7189,"template":"","meta":[],"product_cat":[169],"product_tag":[],"_links":{"self":[{"href":"https:\/\/horizontaibah.com\/de\/wp-json\/wp\/v2\/product\/7187"}],"collection":[{"href":"https:\/\/horizontaibah.com\/de\/wp-json\/wp\/v2\/product"}],"about":[{"href":"https:\/\/horizontaibah.com\/de\/wp-json\/wp\/v2\/types\/product"}],"version-history":[{"count":1,"href":"https:\/\/horizontaibah.com\/de\/wp-json\/wp\/v2\/product\/7187\/revisions"}],"predecessor-version":[{"id":7190,"href":"https:\/\/horizontaibah.com\/de\/wp-json\/wp\/v2\/product\/7187\/revisions\/7190"}],"wp:featuredmedia":[{"embeddable":true,"href":"https:\/\/horizontaibah.com\/de\/wp-json\/wp\/v2\/media\/7189"}],"wp:attachment":[{"href":"https:\/\/horizontaibah.com\/de\/wp-json\/wp\/v2\/media?parent=7187"}],"wp:term":[{"taxonomy":"product_cat","embeddable":true,"href":"https:\/\/horizontaibah.com\/de\/wp-json\/wp\/v2\/product_cat?post=7187"},{"taxonomy":"product_tag","embeddable":true,"href":"https:\/\/horizontaibah.com\/de\/wp-json\/wp\/v2\/product_tag?post=7187"}],"curies":[{"name":"wp","href":"https:\/\/api.w.org\/{rel}","templated":true}]}}