{"id":7191,"date":"2024-03-04T13:39:31","date_gmt":"2024-03-04T13:39:31","guid":{"rendered":"https:\/\/horizontaibah.com\/?post_type=product&#038;p=7191"},"modified":"2024-03-04T16:57:14","modified_gmt":"2024-03-04T16:57:14","slug":"7191","status":"publish","type":"product","link":"https:\/\/horizontaibah.com\/de\/produkt\/7191\/","title":{"rendered":"Sahlab"},"content":{"rendered":"<p>Entdecken Sie das einzigartige Geschmackserlebnis unseres Sahlab Produkts in einer Vielzahl von k\u00f6stlichen Varianten. Ob traditionell zubereitet mit einer delikaten Mischung aus Milch, St\u00e4rke und Gew\u00fcrzen oder mit einer modernen Note verfeinert \u2013 jede Variation verspricht einen unvergesslichen Genussmoment. Perfekt als w\u00e4rmender Nachtisch an kalten Tagen oder als erfrischender Genuss im Sommer, unsere Sahlab-K\u00f6stlichkeiten werden Ihre Geschmacksknospen verw\u00f6hnen und Ihren Gaumen verf\u00fchren. G\u00f6nnen Sie sich den Luxus und entdecken Sie die Vielfalt und Raffinesse unseres Sahlab Produkts<\/p>","protected":false},"excerpt":{"rendered":"<p><strong>Verpackung<\/strong><br \/>\nDurch innovative Materialien und fortschrittliche Technologien sch\u00fctzen wir unser Sahlab Produkt w\u00e4hrend Transport und Lagerung optimal. Die Verpackung ist benutzerfreundlich gestaltet, leicht zu \u00f6ffnen, wiederverschlie\u00dfbar und erm\u00f6glicht eine einfache Dosierung. Dadurch erhalten unsere Kunden stets ein hochwertiges und frisches Produkt.<\/p>\n<p><strong>100 gr.<\/strong><\/p>\n<p><strong>Zutaten:<\/strong><br \/>\nZucker, nat\u00fcrliches Sahlab, Maltodextrin (Mastixgeschmack identisch mit nat\u00fcrlichem, Aroma von Fleus-Orangenb\u00e4umen identisch mit nat\u00fcrlichem)<\/p>","protected":false},"featured_media":7192,"template":"","meta":[],"product_cat":[169],"product_tag":[],"_links":{"self":[{"href":"https:\/\/horizontaibah.com\/de\/wp-json\/wp\/v2\/product\/7191"}],"collection":[{"href":"https:\/\/horizontaibah.com\/de\/wp-json\/wp\/v2\/product"}],"about":[{"href":"https:\/\/horizontaibah.com\/de\/wp-json\/wp\/v2\/types\/product"}],"version-history":[{"count":2,"href":"https:\/\/horizontaibah.com\/de\/wp-json\/wp\/v2\/product\/7191\/revisions"}],"predecessor-version":[{"id":7228,"href":"https:\/\/horizontaibah.com\/de\/wp-json\/wp\/v2\/product\/7191\/revisions\/7228"}],"wp:featuredmedia":[{"embeddable":true,"href":"https:\/\/horizontaibah.com\/de\/wp-json\/wp\/v2\/media\/7192"}],"wp:attachment":[{"href":"https:\/\/horizontaibah.com\/de\/wp-json\/wp\/v2\/media?parent=7191"}],"wp:term":[{"taxonomy":"product_cat","embeddable":true,"href":"https:\/\/horizontaibah.com\/de\/wp-json\/wp\/v2\/product_cat?post=7191"},{"taxonomy":"product_tag","embeddable":true,"href":"https:\/\/horizontaibah.com\/de\/wp-json\/wp\/v2\/product_tag?post=7191"}],"curies":[{"name":"wp","href":"https:\/\/api.w.org\/{rel}","templated":true}]}}