{"id":7194,"date":"2024-03-04T13:47:13","date_gmt":"2024-03-04T13:47:13","guid":{"rendered":"https:\/\/horizontaibah.com\/?post_type=product&#038;p=7194"},"modified":"2024-03-04T13:55:28","modified_gmt":"2024-03-04T13:55:28","slug":"creme-chantilly","status":"publish","type":"product","link":"https:\/\/horizontaibah.com\/de\/produkt\/creme-chantilly\/","title":{"rendered":"Creme Chantilly"},"content":{"rendered":"<p>Entdecken Sie das einzigartige Geschmackserlebnis unseres Creme Chantilly Produkts in den k\u00f6stlichen Varianten Schokolade und Vanille. Ob Sie sich f\u00fcr die intensive Schokoladennote entscheiden oder lieber die zarte Vanillearomen genie\u00dfen \u2013 jede Variation verspricht einen unvergesslichen Genussmoment. Perfekt als eleganter Nachtisch oder als s\u00fc\u00dfe Belohnung zwischendurch, unsere Creme Chantilly-K\u00f6stlichkeiten werden Ihre Geschmacksknospen verw\u00f6hnen und Ihren Gaumen verf\u00fchren. G\u00f6nnen Sie sich den Luxus und erleben Sie die Vielfalt und Raffinesse unseres Creme Chantilly Produkts.<\/p>","protected":false},"excerpt":{"rendered":"<p><strong>Verpackung<\/strong><br \/>\nUnser Creme Chantilly Produkt wird durch innovative Materialien und fortschrittliche Technologien optimal w\u00e4hrend Transport und Lagerung gesch\u00fctzt. Die Verpackung ist benutzerfreundlich gestaltet, leicht zu \u00f6ffnen, wiederverschlie\u00dfbar und erm\u00f6glicht eine einfache Dosierung, um unseren Kunden stets ein hochwertiges und frisches Produkt zu bieten.<\/p>\n<p><strong>100 gr.<\/strong><\/p>\n<p><strong>Zutaten:<\/strong><br \/>\nZucker, Kaffeesahne, Vanille, Schlagsahne<\/p>","protected":false},"featured_media":7195,"template":"","meta":[],"product_cat":[169],"product_tag":[],"_links":{"self":[{"href":"https:\/\/horizontaibah.com\/de\/wp-json\/wp\/v2\/product\/7194"}],"collection":[{"href":"https:\/\/horizontaibah.com\/de\/wp-json\/wp\/v2\/product"}],"about":[{"href":"https:\/\/horizontaibah.com\/de\/wp-json\/wp\/v2\/types\/product"}],"version-history":[{"count":3,"href":"https:\/\/horizontaibah.com\/de\/wp-json\/wp\/v2\/product\/7194\/revisions"}],"predecessor-version":[{"id":7200,"href":"https:\/\/horizontaibah.com\/de\/wp-json\/wp\/v2\/product\/7194\/revisions\/7200"}],"wp:featuredmedia":[{"embeddable":true,"href":"https:\/\/horizontaibah.com\/de\/wp-json\/wp\/v2\/media\/7195"}],"wp:attachment":[{"href":"https:\/\/horizontaibah.com\/de\/wp-json\/wp\/v2\/media?parent=7194"}],"wp:term":[{"taxonomy":"product_cat","embeddable":true,"href":"https:\/\/horizontaibah.com\/de\/wp-json\/wp\/v2\/product_cat?post=7194"},{"taxonomy":"product_tag","embeddable":true,"href":"https:\/\/horizontaibah.com\/de\/wp-json\/wp\/v2\/product_tag?post=7194"}],"curies":[{"name":"wp","href":"https:\/\/api.w.org\/{rel}","templated":true}]}}