{"id":7201,"date":"2024-03-04T14:12:47","date_gmt":"2024-03-04T14:12:47","guid":{"rendered":"https:\/\/horizontaibah.com\/?post_type=product&#038;p=7201"},"modified":"2024-03-05T06:47:34","modified_gmt":"2024-03-05T06:47:34","slug":"roasted-corn","status":"publish","type":"product","link":"https:\/\/horizontaibah.com\/de\/produkt\/roasted-corn\/","title":{"rendered":"Ger\u00f6steter Mais"},"content":{"rendered":"<p>Unser ger\u00f6steter Mais stammt von vertrauensw\u00fcrdigen Lieferanten, die ihn mit gr\u00f6\u00dfter Sorgfalt und Aufmerksamkeit f\u00fcr Qualit\u00e4t anbauen.<\/p>","protected":false},"excerpt":{"rendered":"<p><strong>Verpackung<\/strong><br \/>\nUm die Frische und Qualit\u00e4t unseres ger\u00f6steten Mais zu bewahren, verwenden wir spezielle Verpackungstechniken. Der ger\u00f6stete Mais wird sorgf\u00e4ltig in versiegelten Beh\u00e4ltern oder Beuteln verpackt, um ihn vor Licht, Feuchtigkeit und Luft zu sch\u00fctzen. Dadurch wird sichergestellt, dass ger\u00f6steter Mais auch w\u00e4hrend des Transports und der Lagerung seinen N\u00e4hrwert und Geschmack beh\u00e4lt.<\/p>","protected":false},"featured_media":7202,"template":"","meta":[],"product_cat":[342],"product_tag":[],"_links":{"self":[{"href":"https:\/\/horizontaibah.com\/de\/wp-json\/wp\/v2\/product\/7201"}],"collection":[{"href":"https:\/\/horizontaibah.com\/de\/wp-json\/wp\/v2\/product"}],"about":[{"href":"https:\/\/horizontaibah.com\/de\/wp-json\/wp\/v2\/types\/product"}],"version-history":[{"count":1,"href":"https:\/\/horizontaibah.com\/de\/wp-json\/wp\/v2\/product\/7201\/revisions"}],"predecessor-version":[{"id":7203,"href":"https:\/\/horizontaibah.com\/de\/wp-json\/wp\/v2\/product\/7201\/revisions\/7203"}],"wp:featuredmedia":[{"embeddable":true,"href":"https:\/\/horizontaibah.com\/de\/wp-json\/wp\/v2\/media\/7202"}],"wp:attachment":[{"href":"https:\/\/horizontaibah.com\/de\/wp-json\/wp\/v2\/media?parent=7201"}],"wp:term":[{"taxonomy":"product_cat","embeddable":true,"href":"https:\/\/horizontaibah.com\/de\/wp-json\/wp\/v2\/product_cat?post=7201"},{"taxonomy":"product_tag","embeddable":true,"href":"https:\/\/horizontaibah.com\/de\/wp-json\/wp\/v2\/product_tag?post=7201"}],"curies":[{"name":"wp","href":"https:\/\/api.w.org\/{rel}","templated":true}]}}