{"id":7204,"date":"2024-03-04T14:20:17","date_gmt":"2024-03-04T14:20:17","guid":{"rendered":"https:\/\/horizontaibah.com\/?post_type=product&#038;p=7204"},"modified":"2024-03-05T06:48:36","modified_gmt":"2024-03-05T06:48:36","slug":"plain-chickpeas","status":"publish","type":"product","link":"https:\/\/horizontaibah.com\/de\/produkt\/plain-chickpeas\/","title":{"rendered":"Einfache Kichererbsen"},"content":{"rendered":"<p>Unsere einfachen Kichererbsen beziehen wir von vertrauensw\u00fcrdigen Lieferanten, die sie mit gr\u00f6\u00dfter Sorgfalt und Aufmerksamkeit f\u00fcr Qualit\u00e4t anbauen.<\/p>","protected":false},"excerpt":{"rendered":"<p><strong>Verpackung<\/strong><br \/>\nUm die Frische und Qualit\u00e4t unserer einfachen Kichererbsen zu bewahren, verwenden wir spezielle Verpackungstechniken. Die einfachen Kichererbsen werden sorgf\u00e4ltig in versiegelten Beh\u00e4ltern oder Beuteln verpackt, um sie vor Licht, Feuchtigkeit und Luft zu sch\u00fctzen. Dadurch wird gew\u00e4hrleistet, dass naturbelassene Kichererbsen auch beim Transport und bei der Lagerung ihren N\u00e4hrwert und Geschmack behalten.<\/p>","protected":false},"featured_media":7205,"template":"","meta":[],"product_cat":[342],"product_tag":[],"_links":{"self":[{"href":"https:\/\/horizontaibah.com\/de\/wp-json\/wp\/v2\/product\/7204"}],"collection":[{"href":"https:\/\/horizontaibah.com\/de\/wp-json\/wp\/v2\/product"}],"about":[{"href":"https:\/\/horizontaibah.com\/de\/wp-json\/wp\/v2\/types\/product"}],"version-history":[{"count":1,"href":"https:\/\/horizontaibah.com\/de\/wp-json\/wp\/v2\/product\/7204\/revisions"}],"predecessor-version":[{"id":7206,"href":"https:\/\/horizontaibah.com\/de\/wp-json\/wp\/v2\/product\/7204\/revisions\/7206"}],"wp:featuredmedia":[{"embeddable":true,"href":"https:\/\/horizontaibah.com\/de\/wp-json\/wp\/v2\/media\/7205"}],"wp:attachment":[{"href":"https:\/\/horizontaibah.com\/de\/wp-json\/wp\/v2\/media?parent=7204"}],"wp:term":[{"taxonomy":"product_cat","embeddable":true,"href":"https:\/\/horizontaibah.com\/de\/wp-json\/wp\/v2\/product_cat?post=7204"},{"taxonomy":"product_tag","embeddable":true,"href":"https:\/\/horizontaibah.com\/de\/wp-json\/wp\/v2\/product_tag?post=7204"}],"curies":[{"name":"wp","href":"https:\/\/api.w.org\/{rel}","templated":true}]}}