{"id":7216,"date":"2024-03-04T16:32:57","date_gmt":"2024-03-04T16:32:57","guid":{"rendered":"https:\/\/horizontaibah.com\/?post_type=product&#038;p=7216"},"modified":"2024-03-05T06:46:40","modified_gmt":"2024-03-05T06:46:40","slug":"melon-seeds","status":"publish","type":"product","link":"https:\/\/horizontaibah.com\/de\/produkt\/melon-seeds\/","title":{"rendered":"Melonensamen"},"content":{"rendered":"<p>Unsere Melonensamen stammen von vertrauensw\u00fcrdigen Lieferanten, die sie mit gr\u00f6\u00dfter Sorgfalt und Aufmerksamkeit f\u00fcr Qualit\u00e4t anbauen.<\/p>","protected":false},"excerpt":{"rendered":"<p><strong>Verpackung<\/strong><br \/>\nUm die Frische und Qualit\u00e4t unserer Melonenkerne zu bewahren, verwenden wir spezielle Verpackungstechniken. Die Melonenkerne werden sorgf\u00e4ltig in versiegelten Beh\u00e4ltern oder Beuteln verpackt, um sie vor Licht, Feuchtigkeit und Luft zu sch\u00fctzen. Dadurch wird sichergestellt, dass Melonenkerne auch w\u00e4hrend des Transports und der Lagerung ihren N\u00e4hrwert und Geschmack behalten.<\/p>","protected":false},"featured_media":7218,"template":"","meta":[],"product_cat":[342],"product_tag":[],"_links":{"self":[{"href":"https:\/\/horizontaibah.com\/de\/wp-json\/wp\/v2\/product\/7216"}],"collection":[{"href":"https:\/\/horizontaibah.com\/de\/wp-json\/wp\/v2\/product"}],"about":[{"href":"https:\/\/horizontaibah.com\/de\/wp-json\/wp\/v2\/types\/product"}],"version-history":[{"count":1,"href":"https:\/\/horizontaibah.com\/de\/wp-json\/wp\/v2\/product\/7216\/revisions"}],"predecessor-version":[{"id":7219,"href":"https:\/\/horizontaibah.com\/de\/wp-json\/wp\/v2\/product\/7216\/revisions\/7219"}],"wp:featuredmedia":[{"embeddable":true,"href":"https:\/\/horizontaibah.com\/de\/wp-json\/wp\/v2\/media\/7218"}],"wp:attachment":[{"href":"https:\/\/horizontaibah.com\/de\/wp-json\/wp\/v2\/media?parent=7216"}],"wp:term":[{"taxonomy":"product_cat","embeddable":true,"href":"https:\/\/horizontaibah.com\/de\/wp-json\/wp\/v2\/product_cat?post=7216"},{"taxonomy":"product_tag","embeddable":true,"href":"https:\/\/horizontaibah.com\/de\/wp-json\/wp\/v2\/product_tag?post=7216"}],"curies":[{"name":"wp","href":"https:\/\/api.w.org\/{rel}","templated":true}]}}