{"id":7221,"date":"2024-03-04T16:48:57","date_gmt":"2024-03-04T16:48:57","guid":{"rendered":"https:\/\/horizontaibah.com\/?post_type=product&#038;p=7221"},"modified":"2024-03-05T06:46:22","modified_gmt":"2024-03-05T06:46:22","slug":"pumpkin-seeds","status":"publish","type":"product","link":"https:\/\/horizontaibah.com\/de\/produkt\/pumpkin-seeds\/","title":{"rendered":"K\u00fcrbiskerne"},"content":{"rendered":"<p>Unsere K\u00fcrbiskerne beziehen wir von vertrauensw\u00fcrdigen Lieferanten, die sie mit gr\u00f6\u00dfter Sorgfalt und Aufmerksamkeit f\u00fcr Qualit\u00e4t anbauen.<\/p>","protected":false},"excerpt":{"rendered":"<p><strong>Verpackung<\/strong><br \/>\nUm die Frische und Qualit\u00e4t unserer K\u00fcrbiskerne zu bewahren, verwenden wir spezielle Verpackungstechniken. Die K\u00fcrbiskerne werden sorgf\u00e4ltig in versiegelten Beh\u00e4ltern oder Beuteln verpackt, um sie vor Licht, Feuchtigkeit und Luft zu sch\u00fctzen. Dadurch wird sichergestellt, dass K\u00fcrbiskerne auch w\u00e4hrend des Transports und der Lagerung ihren N\u00e4hrwert und Geschmack behalten.<\/p>","protected":false},"featured_media":7222,"template":"","meta":[],"product_cat":[342],"product_tag":[],"_links":{"self":[{"href":"https:\/\/horizontaibah.com\/de\/wp-json\/wp\/v2\/product\/7221"}],"collection":[{"href":"https:\/\/horizontaibah.com\/de\/wp-json\/wp\/v2\/product"}],"about":[{"href":"https:\/\/horizontaibah.com\/de\/wp-json\/wp\/v2\/types\/product"}],"version-history":[{"count":1,"href":"https:\/\/horizontaibah.com\/de\/wp-json\/wp\/v2\/product\/7221\/revisions"}],"predecessor-version":[{"id":7223,"href":"https:\/\/horizontaibah.com\/de\/wp-json\/wp\/v2\/product\/7221\/revisions\/7223"}],"wp:featuredmedia":[{"embeddable":true,"href":"https:\/\/horizontaibah.com\/de\/wp-json\/wp\/v2\/media\/7222"}],"wp:attachment":[{"href":"https:\/\/horizontaibah.com\/de\/wp-json\/wp\/v2\/media?parent=7221"}],"wp:term":[{"taxonomy":"product_cat","embeddable":true,"href":"https:\/\/horizontaibah.com\/de\/wp-json\/wp\/v2\/product_cat?post=7221"},{"taxonomy":"product_tag","embeddable":true,"href":"https:\/\/horizontaibah.com\/de\/wp-json\/wp\/v2\/product_tag?post=7221"}],"curies":[{"name":"wp","href":"https:\/\/api.w.org\/{rel}","templated":true}]}}