{"id":7225,"date":"2024-03-04T16:56:15","date_gmt":"2024-03-04T16:56:15","guid":{"rendered":"https:\/\/horizontaibah.com\/?post_type=product&#038;p=7225"},"modified":"2024-03-05T06:46:06","modified_gmt":"2024-03-05T06:46:06","slug":"small-melon-seeds","status":"publish","type":"product","link":"https:\/\/horizontaibah.com\/de\/produkt\/small-melon-seeds\/","title":{"rendered":"Kleine Melonenkerne"},"content":{"rendered":"<p>Unsere kleinen Melonensamen stammen von vertrauensw\u00fcrdigen Lieferanten, die sie mit gr\u00f6\u00dfter Sorgfalt und Aufmerksamkeit f\u00fcr Qualit\u00e4t anbauen.<\/p>","protected":false},"excerpt":{"rendered":"<p><strong>Verpackung<\/strong><br \/>\nUm die Frische und Qualit\u00e4t unserer kleinen Melonenkerne zu bewahren, verwenden wir spezielle Verpackungstechniken. Die kleinen Melonenkerne werden sorgf\u00e4ltig in versiegelten Beh\u00e4ltern oder Beuteln verpackt, um sie vor Licht, Feuchtigkeit und Luft zu sch\u00fctzen. Dadurch wird sichergestellt, dass die kleinen Melonenkerne auch w\u00e4hrend des Transports und der Lagerung ihren N\u00e4hrwert und Geschmack behalten.<\/p>","protected":false},"featured_media":7226,"template":"","meta":[],"product_cat":[342],"product_tag":[],"_links":{"self":[{"href":"https:\/\/horizontaibah.com\/de\/wp-json\/wp\/v2\/product\/7225"}],"collection":[{"href":"https:\/\/horizontaibah.com\/de\/wp-json\/wp\/v2\/product"}],"about":[{"href":"https:\/\/horizontaibah.com\/de\/wp-json\/wp\/v2\/types\/product"}],"version-history":[{"count":1,"href":"https:\/\/horizontaibah.com\/de\/wp-json\/wp\/v2\/product\/7225\/revisions"}],"predecessor-version":[{"id":7227,"href":"https:\/\/horizontaibah.com\/de\/wp-json\/wp\/v2\/product\/7225\/revisions\/7227"}],"wp:featuredmedia":[{"embeddable":true,"href":"https:\/\/horizontaibah.com\/de\/wp-json\/wp\/v2\/media\/7226"}],"wp:attachment":[{"href":"https:\/\/horizontaibah.com\/de\/wp-json\/wp\/v2\/media?parent=7225"}],"wp:term":[{"taxonomy":"product_cat","embeddable":true,"href":"https:\/\/horizontaibah.com\/de\/wp-json\/wp\/v2\/product_cat?post=7225"},{"taxonomy":"product_tag","embeddable":true,"href":"https:\/\/horizontaibah.com\/de\/wp-json\/wp\/v2\/product_tag?post=7225"}],"curies":[{"name":"wp","href":"https:\/\/api.w.org\/{rel}","templated":true}]}}