{"id":7233,"date":"2024-03-04T17:42:59","date_gmt":"2024-03-04T17:42:59","guid":{"rendered":"https:\/\/horizontaibah.com\/?post_type=product&#038;p=7233"},"modified":"2024-03-05T06:45:29","modified_gmt":"2024-03-05T06:45:29","slug":"red-watermelon-seeds","status":"publish","type":"product","link":"https:\/\/horizontaibah.com\/de\/produkt\/red-watermelon-seeds\/","title":{"rendered":"Rote Wassermelonenkerne"},"content":{"rendered":"<p>Unsere roten Wassermelonensamen beziehen wir von vertrauensw\u00fcrdigen Lieferanten, die sie mit gr\u00f6\u00dfter Sorgfalt und Aufmerksamkeit f\u00fcr Qualit\u00e4t anbauen.<\/p>","protected":false},"excerpt":{"rendered":"<p><strong>Verpackung<\/strong><br \/>\nUm die Frische und Qualit\u00e4t unserer roten Wassermelonenkerne zu bewahren, verwenden wir spezielle Verpackungstechniken. Die Samen der roten Wassermelone werden sorgf\u00e4ltig in versiegelten Beh\u00e4ltern oder Beuteln verpackt, um sie vor Licht, Feuchtigkeit und Luft zu sch\u00fctzen. Dadurch wird sichergestellt, dass die roten Wassermelonenkerne auch w\u00e4hrend des Transports und der Lagerung ihren N\u00e4hrwert und Geschmack behalten.<\/p>","protected":false},"featured_media":7240,"template":"","meta":[],"product_cat":[342],"product_tag":[],"_links":{"self":[{"href":"https:\/\/horizontaibah.com\/de\/wp-json\/wp\/v2\/product\/7233"}],"collection":[{"href":"https:\/\/horizontaibah.com\/de\/wp-json\/wp\/v2\/product"}],"about":[{"href":"https:\/\/horizontaibah.com\/de\/wp-json\/wp\/v2\/types\/product"}],"version-history":[{"count":1,"href":"https:\/\/horizontaibah.com\/de\/wp-json\/wp\/v2\/product\/7233\/revisions"}],"predecessor-version":[{"id":7241,"href":"https:\/\/horizontaibah.com\/de\/wp-json\/wp\/v2\/product\/7233\/revisions\/7241"}],"wp:featuredmedia":[{"embeddable":true,"href":"https:\/\/horizontaibah.com\/de\/wp-json\/wp\/v2\/media\/7240"}],"wp:attachment":[{"href":"https:\/\/horizontaibah.com\/de\/wp-json\/wp\/v2\/media?parent=7233"}],"wp:term":[{"taxonomy":"product_cat","embeddable":true,"href":"https:\/\/horizontaibah.com\/de\/wp-json\/wp\/v2\/product_cat?post=7233"},{"taxonomy":"product_tag","embeddable":true,"href":"https:\/\/horizontaibah.com\/de\/wp-json\/wp\/v2\/product_tag?post=7233"}],"curies":[{"name":"wp","href":"https:\/\/api.w.org\/{rel}","templated":true}]}}