{"id":7276,"date":"2024-03-05T07:11:57","date_gmt":"2024-03-05T07:11:57","guid":{"rendered":"https:\/\/horizontaibah.com\/?post_type=product&#038;p=7276"},"modified":"2024-03-05T07:11:57","modified_gmt":"2024-03-05T07:11:57","slug":"mini-cakes","status":"publish","type":"product","link":"https:\/\/horizontaibah.com\/de\/produkt\/mini-cakes\/","title":{"rendered":"Mini cakes"},"content":{"rendered":"<p>unsere original Mini-Kuchenpause ist ideal f\u00fcr das Naschen zwischendurch, mit seidiger F\u00fcllung und eingeh\u00fcllt in cremige Schokolade und So\u00dfe \u00dcberzug, Wahre Gen\u00fcsse f\u00fcr zwischendurch, perfekt zum Teilen, Verschenken oder sofortigen Genie\u00dfen.<\/p>","protected":false},"excerpt":{"rendered":"<p><strong>Verpackung<\/strong><br \/>\nUm die Frische und Qualit\u00e4t unserem Minikuchen zu erhalten, verpacken wir es in luftdichten Beh\u00e4ltern, die es vor Feuchtigkeit und Oxidation sch\u00fctzen. Die Verpackung ist so konzipiert, dass sie bequem und einfach zu bedienen ist, so dass Sie das nach Belieben genie\u00dfen k\u00f6nnen.<\/p>\n<p><strong>160 gr.<\/strong><\/p>\n<p><strong>Aroma:<\/strong> Karamell, Orange, Schokolade, Erdbeere<\/p>","protected":false},"featured_media":7277,"template":"","meta":[],"product_cat":[169],"product_tag":[],"_links":{"self":[{"href":"https:\/\/horizontaibah.com\/de\/wp-json\/wp\/v2\/product\/7276"}],"collection":[{"href":"https:\/\/horizontaibah.com\/de\/wp-json\/wp\/v2\/product"}],"about":[{"href":"https:\/\/horizontaibah.com\/de\/wp-json\/wp\/v2\/types\/product"}],"version-history":[{"count":1,"href":"https:\/\/horizontaibah.com\/de\/wp-json\/wp\/v2\/product\/7276\/revisions"}],"predecessor-version":[{"id":7282,"href":"https:\/\/horizontaibah.com\/de\/wp-json\/wp\/v2\/product\/7276\/revisions\/7282"}],"wp:featuredmedia":[{"embeddable":true,"href":"https:\/\/horizontaibah.com\/de\/wp-json\/wp\/v2\/media\/7277"}],"wp:attachment":[{"href":"https:\/\/horizontaibah.com\/de\/wp-json\/wp\/v2\/media?parent=7276"}],"wp:term":[{"taxonomy":"product_cat","embeddable":true,"href":"https:\/\/horizontaibah.com\/de\/wp-json\/wp\/v2\/product_cat?post=7276"},{"taxonomy":"product_tag","embeddable":true,"href":"https:\/\/horizontaibah.com\/de\/wp-json\/wp\/v2\/product_tag?post=7276"}],"curies":[{"name":"wp","href":"https:\/\/api.w.org\/{rel}","templated":true}]}}